{"id":2370,"date":"2024-04-17T12:57:30","date_gmt":"2024-04-17T12:57:30","guid":{"rendered":"https:\/\/staging4.team99.it\/contacts-2\/"},"modified":"2025-08-29T09:17:32","modified_gmt":"2025-08-29T07:17:32","slug":"contacts","status":"publish","type":"page","link":"https:\/\/capner.it\/dev\/contacts\/","title":{"rendered":"Contacts"},"content":{"rendered":"\n<div class=\"wp-block-cover alignfull has-custom-content-position is-position-bottom-center copertina-pagina\" style=\"padding-top:var(--wp--preset--spacing--50);padding-right:6vw;padding-bottom:var(--wp--preset--spacing--50);padding-left:6vw;min-height:50vh;aspect-ratio:unset;\"><img loading=\"lazy\" decoding=\"async\" width=\"2000\" height=\"1333\" class=\"wp-block-cover__image-background wp-image-595 size-full\" alt=\"\" src=\"https:\/\/capner.it\/dev\/wp-content\/uploads\/sites\/11\/2025\/02\/Capner_sezione_contatti_R219352.jpg\" style=\"object-position:40% 44%\" data-object-fit=\"cover\" data-object-position=\"40% 44%\" srcset=\"https:\/\/capner.it\/dev\/wp-content\/uploads\/sites\/11\/2025\/02\/Capner_sezione_contatti_R219352.jpg 2000w, https:\/\/capner.it\/dev\/wp-content\/uploads\/sites\/11\/2025\/02\/Capner_sezione_contatti_R219352-300x200.jpg 300w, https:\/\/capner.it\/dev\/wp-content\/uploads\/sites\/11\/2025\/02\/Capner_sezione_contatti_R219352-1024x682.jpg 1024w, https:\/\/capner.it\/dev\/wp-content\/uploads\/sites\/11\/2025\/02\/Capner_sezione_contatti_R219352-768x512.jpg 768w, https:\/\/capner.it\/dev\/wp-content\/uploads\/sites\/11\/2025\/02\/Capner_sezione_contatti_R219352-1536x1024.jpg 1536w\" sizes=\"auto, (max-width: 2000px) 100vw, 2000px\" \/><span aria-hidden=\"true\" class=\"wp-block-cover__background has-custom-nero-background-color has-background-dim-60 has-background-dim\"><\/span><div class=\"wp-block-cover__inner-container has-global-padding is-layout-constrained wp-container-core-cover-is-layout-f8568722 wp-block-cover-is-layout-constrained\">\n<div style=\"height:20vh\" aria-hidden=\"true\" class=\"wp-block-spacer\"><\/div>\n\n\n\n<h2 class=\"wp-block-heading has-text-align-left has-neue-montreal-font-family has-titolo-giant-font-size\"><strong>Contacts<\/strong><\/h2>\n\n\n\n<div class=\"wp-block-group is-nowrap is-layout-flex wp-container-core-group-is-layout-6c531013 wp-block-group-is-layout-flex\">\n<div class=\"wp-block-group has-global-padding is-layout-constrained wp-container-core-group-is-layout-bea02a06 wp-block-group-is-layout-constrained\">\n<p class=\"has-titolo-sezione-font-size\">Besoin de plus d&rsquo;informations ?<\/p>\n<\/div>\n<\/div>\n<\/div><\/div>\n\n\n\n<div class=\"wp-block-group alignwide has-global-padding is-layout-constrained wp-block-group-is-layout-constrained\" style=\"padding-top:var(--wp--preset--spacing--40);padding-bottom:var(--wp--preset--spacing--40)\">\n<div class=\"wp-block-columns is-layout-flex wp-container-core-columns-is-layout-9c22b1e3 wp-block-columns-is-layout-flex\">\n<div class=\"wp-block-column is-layout-flow wp-block-column-is-layout-flow\">\n<div class=\"wp-block-columns is-layout-flex wp-container-core-columns-is-layout-28f84493 wp-block-columns-is-layout-flex\">\n<div class=\"wp-block-column is-layout-flow wp-block-column-is-layout-flow\">\n<div class=\"wp-block-group is-layout-flow wp-block-group-is-layout-flow\">\n<h1 class=\"wp-block-heading has-titolo-sezione-font-size\">Capner <strong>vous permet de devenir ind\u00e9pendant<\/strong> sur le plan \u00e9nerg\u00e9tique<\/h1>\n\n\n\n<p class=\"\">Indiquez-nous comment vous joindre et nous vous r\u00e9pondrons dans les plus brefs d\u00e9lais.<\/p>\n\n\n\n<div class=\"wp-block-group is-nowrap is-layout-flex wp-container-core-group-is-layout-cd9ab148 wp-block-group-is-layout-flex\">\n<p class=\"\"><strong>CAPNER LUXEMBOURG<\/strong><br>Rue Christophe Plantin, 5<br>L-2339 Luxembourg<br>TVA: LU35064675<br>T\u00e9l: <a href=\"tel:+35227709519\">+352 2 770 9519<\/a><br><a href=\"mailto:info@capner.lu\">info@capner.lu<\/a><\/p>\n<\/div>\n\n\n\n<p class=\"\"><\/p>\n\n\n\n<h3 class=\"wp-block-heading has-m-font-size\"><strong>Horaires<\/strong><\/h3>\n\n\n\n<p class=\"\"><strong>Lundi:<\/strong> 10h00 \u2013 16h00<br><strong>Mardi:<\/strong> 10h00 \u2013 16h00<br><strong>Mercredi:<\/strong> 10h00 \u2013 16h00<br><strong>Jeudi: <\/strong>10h00 \u2013 16h00<br><strong>Vendredi:<\/strong> 10h00 \u2013 16h00<br><strong>Samedi:<\/strong> Ferm\u00e9<br><strong>Dimanche:<\/strong> Ferm\u00e9<\/p>\n\n\n\n<p class=\"\"><strong>Nos produits sont distribu\u00e9s dans les pays suivants:<\/strong><\/p>\n\n\n\n<p class=\"\">\ud83c\udde7\ud83c\uddea Belgique<br>\ud83c\uddf1\ud83c\uddfa Luxembourg<br>\ud83c\udde8\ud83c\udded Suisse<br> \ud83c\uddee\ud83c\uddf9 Italie<br> \ud83c\uddeb\ud83c\uddf7 France \u2013 coming soon<br> \ud83c\uddf5\ud83c\uddf9 Portugal \u2013 coming soon<\/p>\n<\/div>\n\n\n\n<div style=\"height:50px\" aria-hidden=\"true\" class=\"wp-block-spacer\"><\/div>\n\n\n\n<figure class=\"wp-block-image size-full is-resized\"><img loading=\"lazy\" decoding=\"async\" width=\"480\" height=\"361\" src=\"https:\/\/capner.it\/dev\/wp-content\/uploads\/sites\/11\/2025\/07\/capner_uffici_lussemburgo.jpg\" alt=\"\" class=\"wp-image-4047\" style=\"width:550px\" srcset=\"https:\/\/capner.it\/dev\/wp-content\/uploads\/sites\/11\/2025\/07\/capner_uffici_lussemburgo.jpg 480w, https:\/\/capner.it\/dev\/wp-content\/uploads\/sites\/11\/2025\/07\/capner_uffici_lussemburgo-300x226.jpg 300w\" sizes=\"auto, (max-width: 480px) 100vw, 480px\" \/><\/figure>\n<\/div>\n\n\n\n<div class=\"wp-block-column is-layout-flow wp-block-column-is-layout-flow\" style=\"padding-top:var(--wp--preset--spacing--40);padding-right:0;padding-bottom:var(--wp--preset--spacing--20);padding-left:0\">Veuillez s\u00e9lectionner un formulaire valide<\/div>\n<\/div>\n<\/div>\n<\/div>\n<\/div>\n","protected":false},"excerpt":{"rendered":"<p>Capner vous permet de devenir ind\u00e9pendant sur le plan \u00e9nerg\u00e9tique Indiquez-nous comment vous joindre et nous vous r\u00e9pondrons dans les plus brefs d\u00e9lais. CAPNER LUXEMBOURGRue Christophe Plantin, 5L-2339 LuxembourgTVA: LU35064675T\u00e9l: +352 2 770 9519info@capner.lu Horaires Lundi: 10h00 \u2013 16h00Mardi: 10h00 \u2013 16h00Mercredi: 10h00 \u2013 16h00Jeudi: 10h00 \u2013 16h00Vendredi: 10h00 \u2013 16h00Samedi: Ferm\u00e9Dimanche: Ferm\u00e9 Nos produits [&hellip;]<\/p>\n","protected":false},"author":2,"featured_media":0,"parent":0,"menu_order":0,"comment_status":"closed","ping_status":"closed","template":"","meta":{"_acf_changed":false,"footnotes":""},"class_list":["post-2370","page","type-page","status-publish","hentry"],"yoast_head":"<!-- This site is optimized with the Yoast SEO plugin v27.5 - https:\/\/yoast.com\/product\/yoast-seo-wordpress\/ -->\n<title>Contacts - Capner BE<\/title>\n<meta name=\"robots\" content=\"noindex, follow, max-snippet:-1, max-image-preview:large, max-video-preview:-1\" \/>\n<meta property=\"og:locale\" content=\"fr_FR\" \/>\n<meta property=\"og:type\" content=\"article\" \/>\n<meta property=\"og:title\" content=\"Contacts - Capner BE\" \/>\n<meta property=\"og:description\" content=\"Capner vous permet de devenir ind\u00e9pendant sur le plan \u00e9nerg\u00e9tique Indiquez-nous comment vous joindre et nous vous r\u00e9pondrons dans les plus brefs d\u00e9lais. CAPNER LUXEMBOURGRue Christophe Plantin, 5L-2339 LuxembourgTVA: LU35064675T\u00e9l: +352 2 770 9519info@capner.lu Horaires Lundi: 10h00 \u2013 16h00Mardi: 10h00 \u2013 16h00Mercredi: 10h00 \u2013 16h00Jeudi: 10h00 \u2013 16h00Vendredi: 10h00 \u2013 16h00Samedi: Ferm\u00e9Dimanche: Ferm\u00e9 Nos produits [&hellip;]\" \/>\n<meta property=\"og:url\" content=\"https:\/\/capner.it\/dev\/contacts\/\" \/>\n<meta property=\"og:site_name\" content=\"Capner BE\" \/>\n<meta property=\"article:modified_time\" content=\"2025-08-29T07:17:32+00:00\" \/>\n<meta property=\"og:image\" content=\"https:\/\/capner.it\/dev\/wp-content\/uploads\/sites\/11\/2025\/02\/Capner_sezione_contatti_R219352.jpg\" \/>\n\t<meta property=\"og:image:width\" content=\"2000\" \/>\n\t<meta property=\"og:image:height\" content=\"1333\" \/>\n\t<meta property=\"og:image:type\" content=\"image\/jpeg\" \/>\n<meta name=\"twitter:card\" content=\"summary_large_image\" \/>\n<meta name=\"twitter:label1\" content=\"Dur\u00e9e de lecture estim\u00e9e\" \/>\n\t<meta name=\"twitter:data1\" content=\"1 minute\" \/>\n<script type=\"application\/ld+json\" class=\"yoast-schema-graph\">{\"@context\":\"https:\\\/\\\/schema.org\",\"@graph\":[{\"@type\":\"WebPage\",\"@id\":\"https:\\\/\\\/capner.it\\\/dev\\\/contacts\\\/\",\"url\":\"https:\\\/\\\/capner.it\\\/dev\\\/contacts\\\/\",\"name\":\"Contacts - Capner BE\",\"isPartOf\":{\"@id\":\"https:\\\/\\\/capner.it\\\/dev\\\/#website\"},\"primaryImageOfPage\":{\"@id\":\"https:\\\/\\\/capner.it\\\/dev\\\/contacts\\\/#primaryimage\"},\"image\":{\"@id\":\"https:\\\/\\\/capner.it\\\/dev\\\/contacts\\\/#primaryimage\"},\"thumbnailUrl\":\"https:\\\/\\\/capner.it\\\/dev\\\/wp-content\\\/uploads\\\/sites\\\/11\\\/2025\\\/02\\\/Capner_sezione_contatti_R219352.jpg\",\"datePublished\":\"2024-04-17T12:57:30+00:00\",\"dateModified\":\"2025-08-29T07:17:32+00:00\",\"breadcrumb\":{\"@id\":\"https:\\\/\\\/capner.it\\\/dev\\\/contacts\\\/#breadcrumb\"},\"inLanguage\":\"fr-FR\",\"potentialAction\":[{\"@type\":\"ReadAction\",\"target\":[\"https:\\\/\\\/capner.it\\\/dev\\\/contacts\\\/\"]}]},{\"@type\":\"ImageObject\",\"inLanguage\":\"fr-FR\",\"@id\":\"https:\\\/\\\/capner.it\\\/dev\\\/contacts\\\/#primaryimage\",\"url\":\"https:\\\/\\\/capner.it\\\/dev\\\/wp-content\\\/uploads\\\/sites\\\/11\\\/2025\\\/02\\\/Capner_sezione_contatti_R219352.jpg\",\"contentUrl\":\"https:\\\/\\\/capner.it\\\/dev\\\/wp-content\\\/uploads\\\/sites\\\/11\\\/2025\\\/02\\\/Capner_sezione_contatti_R219352.jpg\",\"width\":2000,\"height\":1333},{\"@type\":\"BreadcrumbList\",\"@id\":\"https:\\\/\\\/capner.it\\\/dev\\\/contacts\\\/#breadcrumb\",\"itemListElement\":[{\"@type\":\"ListItem\",\"position\":1,\"name\":\"Home\",\"item\":\"https:\\\/\\\/capner.it\\\/dev\\\/\"},{\"@type\":\"ListItem\",\"position\":2,\"name\":\"Contacts\"}]},{\"@type\":\"WebSite\",\"@id\":\"https:\\\/\\\/capner.it\\\/dev\\\/#website\",\"url\":\"https:\\\/\\\/capner.it\\\/dev\\\/\",\"name\":\"Capner BE\",\"description\":\"A world of possibilities\",\"publisher\":{\"@id\":\"https:\\\/\\\/capner.it\\\/dev\\\/#organization\"},\"potentialAction\":[{\"@type\":\"SearchAction\",\"target\":{\"@type\":\"EntryPoint\",\"urlTemplate\":\"https:\\\/\\\/capner.it\\\/dev\\\/?s={search_term_string}\"},\"query-input\":{\"@type\":\"PropertyValueSpecification\",\"valueRequired\":true,\"valueName\":\"search_term_string\"}}],\"inLanguage\":\"fr-FR\"},{\"@type\":\"Organization\",\"@id\":\"https:\\\/\\\/capner.it\\\/dev\\\/#organization\",\"name\":\"Capner BE\",\"url\":\"https:\\\/\\\/capner.it\\\/dev\\\/\",\"logo\":{\"@type\":\"ImageObject\",\"inLanguage\":\"fr-FR\",\"@id\":\"https:\\\/\\\/capner.it\\\/dev\\\/#\\\/schema\\\/logo\\\/image\\\/\",\"url\":\"https:\\\/\\\/capner.it\\\/dev\\\/wp-content\\\/uploads\\\/sites\\\/11\\\/2025\\\/02\\\/capner-logo-svg.svg\",\"contentUrl\":\"https:\\\/\\\/capner.it\\\/dev\\\/wp-content\\\/uploads\\\/sites\\\/11\\\/2025\\\/02\\\/capner-logo-svg.svg\",\"caption\":\"Capner BE\"},\"image\":{\"@id\":\"https:\\\/\\\/capner.it\\\/dev\\\/#\\\/schema\\\/logo\\\/image\\\/\"}}]}<\/script>\n<!-- \/ Yoast SEO plugin. -->","yoast_head_json":{"title":"Contacts - Capner BE","robots":{"index":"noindex","follow":"follow","max-snippet":"max-snippet:-1","max-image-preview":"max-image-preview:large","max-video-preview":"max-video-preview:-1"},"og_locale":"fr_FR","og_type":"article","og_title":"Contacts - Capner BE","og_description":"Capner vous permet de devenir ind\u00e9pendant sur le plan \u00e9nerg\u00e9tique Indiquez-nous comment vous joindre et nous vous r\u00e9pondrons dans les plus brefs d\u00e9lais. CAPNER LUXEMBOURGRue Christophe Plantin, 5L-2339 LuxembourgTVA: LU35064675T\u00e9l: +352 2 770 9519info@capner.lu Horaires Lundi: 10h00 \u2013 16h00Mardi: 10h00 \u2013 16h00Mercredi: 10h00 \u2013 16h00Jeudi: 10h00 \u2013 16h00Vendredi: 10h00 \u2013 16h00Samedi: Ferm\u00e9Dimanche: Ferm\u00e9 Nos produits [&hellip;]","og_url":"https:\/\/capner.it\/dev\/contacts\/","og_site_name":"Capner BE","article_modified_time":"2025-08-29T07:17:32+00:00","og_image":[{"width":2000,"height":1333,"url":"https:\/\/capner.it\/dev\/wp-content\/uploads\/sites\/11\/2025\/02\/Capner_sezione_contatti_R219352.jpg","type":"image\/jpeg"}],"twitter_card":"summary_large_image","twitter_misc":{"Dur\u00e9e de lecture estim\u00e9e":"1 minute"},"schema":{"@context":"https:\/\/schema.org","@graph":[{"@type":"WebPage","@id":"https:\/\/capner.it\/dev\/contacts\/","url":"https:\/\/capner.it\/dev\/contacts\/","name":"Contacts - Capner BE","isPartOf":{"@id":"https:\/\/capner.it\/dev\/#website"},"primaryImageOfPage":{"@id":"https:\/\/capner.it\/dev\/contacts\/#primaryimage"},"image":{"@id":"https:\/\/capner.it\/dev\/contacts\/#primaryimage"},"thumbnailUrl":"https:\/\/capner.it\/dev\/wp-content\/uploads\/sites\/11\/2025\/02\/Capner_sezione_contatti_R219352.jpg","datePublished":"2024-04-17T12:57:30+00:00","dateModified":"2025-08-29T07:17:32+00:00","breadcrumb":{"@id":"https:\/\/capner.it\/dev\/contacts\/#breadcrumb"},"inLanguage":"fr-FR","potentialAction":[{"@type":"ReadAction","target":["https:\/\/capner.it\/dev\/contacts\/"]}]},{"@type":"ImageObject","inLanguage":"fr-FR","@id":"https:\/\/capner.it\/dev\/contacts\/#primaryimage","url":"https:\/\/capner.it\/dev\/wp-content\/uploads\/sites\/11\/2025\/02\/Capner_sezione_contatti_R219352.jpg","contentUrl":"https:\/\/capner.it\/dev\/wp-content\/uploads\/sites\/11\/2025\/02\/Capner_sezione_contatti_R219352.jpg","width":2000,"height":1333},{"@type":"BreadcrumbList","@id":"https:\/\/capner.it\/dev\/contacts\/#breadcrumb","itemListElement":[{"@type":"ListItem","position":1,"name":"Home","item":"https:\/\/capner.it\/dev\/"},{"@type":"ListItem","position":2,"name":"Contacts"}]},{"@type":"WebSite","@id":"https:\/\/capner.it\/dev\/#website","url":"https:\/\/capner.it\/dev\/","name":"Capner BE","description":"A world of possibilities","publisher":{"@id":"https:\/\/capner.it\/dev\/#organization"},"potentialAction":[{"@type":"SearchAction","target":{"@type":"EntryPoint","urlTemplate":"https:\/\/capner.it\/dev\/?s={search_term_string}"},"query-input":{"@type":"PropertyValueSpecification","valueRequired":true,"valueName":"search_term_string"}}],"inLanguage":"fr-FR"},{"@type":"Organization","@id":"https:\/\/capner.it\/dev\/#organization","name":"Capner BE","url":"https:\/\/capner.it\/dev\/","logo":{"@type":"ImageObject","inLanguage":"fr-FR","@id":"https:\/\/capner.it\/dev\/#\/schema\/logo\/image\/","url":"https:\/\/capner.it\/dev\/wp-content\/uploads\/sites\/11\/2025\/02\/capner-logo-svg.svg","contentUrl":"https:\/\/capner.it\/dev\/wp-content\/uploads\/sites\/11\/2025\/02\/capner-logo-svg.svg","caption":"Capner BE"},"image":{"@id":"https:\/\/capner.it\/dev\/#\/schema\/logo\/image\/"}}]}},"acf":[],"_links":{"self":[{"href":"https:\/\/capner.it\/dev\/wp-json\/wp\/v2\/pages\/2370","targetHints":{"allow":["GET"]}}],"collection":[{"href":"https:\/\/capner.it\/dev\/wp-json\/wp\/v2\/pages"}],"about":[{"href":"https:\/\/capner.it\/dev\/wp-json\/wp\/v2\/types\/page"}],"author":[{"embeddable":true,"href":"https:\/\/capner.it\/dev\/wp-json\/wp\/v2\/users\/2"}],"replies":[{"embeddable":true,"href":"https:\/\/capner.it\/dev\/wp-json\/wp\/v2\/comments?post=2370"}],"version-history":[{"count":11,"href":"https:\/\/capner.it\/dev\/wp-json\/wp\/v2\/pages\/2370\/revisions"}],"predecessor-version":[{"id":4101,"href":"https:\/\/capner.it\/dev\/wp-json\/wp\/v2\/pages\/2370\/revisions\/4101"}],"wp:attachment":[{"href":"https:\/\/capner.it\/dev\/wp-json\/wp\/v2\/media?parent=2370"}],"curies":[{"name":"wp","href":"https:\/\/api.w.org\/{rel}","templated":true}]}}