{"id":2389,"date":"2024-09-19T10:00:55","date_gmt":"2024-09-19T10:00:55","guid":{"rendered":"https:\/\/staging4.team99.it\/questionnaire-klimabonus\/merci-klimabonus\/"},"modified":"2025-09-09T15:42:25","modified_gmt":"2025-09-09T13:42:25","slug":"merci-avantages","status":"publish","type":"page","link":"https:\/\/capner.it\/dev\/questionnaire-sur-les-avantages\/merci-avantages\/","title":{"rendered":"Merci avantages"},"content":{"rendered":"\n<script>\nfbq('track', 'CompleteRegistration');\n<\/script>\n\n\n\n<div class=\"wp-block-group has-global-padding is-layout-constrained wp-block-group-is-layout-constrained\" style=\"padding-top:var(--wp--preset--spacing--60);padding-bottom:var(--wp--preset--spacing--60)\">\n<div class=\"wp-block-group has-global-padding is-layout-constrained wp-block-group-is-layout-constrained\">\n<div style=\"height:100px\" aria-hidden=\"true\" class=\"wp-block-spacer nascosto-desktop nascosto-tablet\"><\/div>\n\n\n\n<h1 class=\"wp-block-heading has-text-align-center has-titolo-sezione-font-size\"><strong>Merci d\u2019avoir rempli le questionnaire<\/strong><\/h1>\n\n\n\n<p class=\"has-text-align-center has-titolo-piccolo-font-size\">Votre questionnaire a \u00e9t\u00e9 correctement envoy\u00e9.<\/p>\n\n\n\n<div class=\"wp-block-buttons is-content-justification-center is-layout-flex wp-container-core-buttons-is-layout-a89b3969 wp-block-buttons-is-layout-flex\">\n<div class=\"wp-block-button\"><a class=\"wp-block-button__link wp-element-button\" href=\"https:\/\/capner.it\/dev\/produits\/\"><span class=\"material-symbols-outlined freccia-pulsante\">chevron_forward<\/span>D\u00e9couvrez\u00a0L\u2019\u00e9cosyst\u00e8me Capner<\/a><\/div>\n<\/div>\n<\/div>\n<\/div>\n","protected":false},"excerpt":{"rendered":"<p>Merci d\u2019avoir rempli le questionnaire Votre questionnaire a \u00e9t\u00e9 correctement envoy\u00e9.<\/p>\n","protected":false},"author":2,"featured_media":0,"parent":2388,"menu_order":0,"comment_status":"closed","ping_status":"closed","template":"wp-custom-template-template-no-intro","meta":{"_acf_changed":false,"footnotes":""},"class_list":["post-2389","page","type-page","status-publish","hentry"],"yoast_head":"<!-- This site is optimized with the Yoast SEO plugin v27.5 - https:\/\/yoast.com\/product\/yoast-seo-wordpress\/ -->\n<title>Merci avantages - Capner BE<\/title>\n<meta name=\"robots\" content=\"noindex, follow, max-snippet:-1, max-image-preview:large, max-video-preview:-1\" \/>\n<meta property=\"og:locale\" content=\"fr_FR\" \/>\n<meta property=\"og:type\" content=\"article\" \/>\n<meta property=\"og:title\" content=\"Merci avantages - Capner BE\" \/>\n<meta property=\"og:description\" content=\"Merci d\u2019avoir rempli le questionnaire Votre questionnaire a \u00e9t\u00e9 correctement envoy\u00e9.\" \/>\n<meta property=\"og:url\" content=\"https:\/\/capner.it\/dev\/questionnaire-sur-les-avantages\/merci-avantages\/\" \/>\n<meta property=\"og:site_name\" content=\"Capner BE\" \/>\n<meta property=\"article:modified_time\" content=\"2025-09-09T13:42:25+00:00\" \/>\n<meta name=\"twitter:card\" content=\"summary_large_image\" \/>\n<meta name=\"twitter:label1\" content=\"Dur\u00e9e de lecture estim\u00e9e\" \/>\n\t<meta name=\"twitter:data1\" content=\"1 minute\" \/>\n<script type=\"application\/ld+json\" class=\"yoast-schema-graph\">{\"@context\":\"https:\\\/\\\/schema.org\",\"@graph\":[{\"@type\":\"WebPage\",\"@id\":\"https:\\\/\\\/capner.it\\\/dev\\\/questionnaire-sur-les-avantages\\\/merci-avantages\\\/\",\"url\":\"https:\\\/\\\/capner.it\\\/dev\\\/questionnaire-sur-les-avantages\\\/merci-avantages\\\/\",\"name\":\"Merci avantages - Capner BE\",\"isPartOf\":{\"@id\":\"https:\\\/\\\/capner.it\\\/dev\\\/#website\"},\"datePublished\":\"2024-09-19T10:00:55+00:00\",\"dateModified\":\"2025-09-09T13:42:25+00:00\",\"breadcrumb\":{\"@id\":\"https:\\\/\\\/capner.it\\\/dev\\\/questionnaire-sur-les-avantages\\\/merci-avantages\\\/#breadcrumb\"},\"inLanguage\":\"fr-FR\",\"potentialAction\":[{\"@type\":\"ReadAction\",\"target\":[\"https:\\\/\\\/capner.it\\\/dev\\\/questionnaire-sur-les-avantages\\\/merci-avantages\\\/\"]}]},{\"@type\":\"BreadcrumbList\",\"@id\":\"https:\\\/\\\/capner.it\\\/dev\\\/questionnaire-sur-les-avantages\\\/merci-avantages\\\/#breadcrumb\",\"itemListElement\":[{\"@type\":\"ListItem\",\"position\":1,\"name\":\"Home\",\"item\":\"https:\\\/\\\/capner.it\\\/dev\\\/\"},{\"@type\":\"ListItem\",\"position\":2,\"name\":\"Questionnaire sur les avantages\",\"item\":\"https:\\\/\\\/capner.it\\\/dev\\\/questionnaire-sur-les-avantages\\\/\"},{\"@type\":\"ListItem\",\"position\":3,\"name\":\"Merci avantages\"}]},{\"@type\":\"WebSite\",\"@id\":\"https:\\\/\\\/capner.it\\\/dev\\\/#website\",\"url\":\"https:\\\/\\\/capner.it\\\/dev\\\/\",\"name\":\"Capner BE\",\"description\":\"A world of possibilities\",\"publisher\":{\"@id\":\"https:\\\/\\\/capner.it\\\/dev\\\/#organization\"},\"potentialAction\":[{\"@type\":\"SearchAction\",\"target\":{\"@type\":\"EntryPoint\",\"urlTemplate\":\"https:\\\/\\\/capner.it\\\/dev\\\/?s={search_term_string}\"},\"query-input\":{\"@type\":\"PropertyValueSpecification\",\"valueRequired\":true,\"valueName\":\"search_term_string\"}}],\"inLanguage\":\"fr-FR\"},{\"@type\":\"Organization\",\"@id\":\"https:\\\/\\\/capner.it\\\/dev\\\/#organization\",\"name\":\"Capner BE\",\"url\":\"https:\\\/\\\/capner.it\\\/dev\\\/\",\"logo\":{\"@type\":\"ImageObject\",\"inLanguage\":\"fr-FR\",\"@id\":\"https:\\\/\\\/capner.it\\\/dev\\\/#\\\/schema\\\/logo\\\/image\\\/\",\"url\":\"https:\\\/\\\/capner.it\\\/dev\\\/wp-content\\\/uploads\\\/sites\\\/11\\\/2025\\\/02\\\/capner-logo-svg.svg\",\"contentUrl\":\"https:\\\/\\\/capner.it\\\/dev\\\/wp-content\\\/uploads\\\/sites\\\/11\\\/2025\\\/02\\\/capner-logo-svg.svg\",\"caption\":\"Capner BE\"},\"image\":{\"@id\":\"https:\\\/\\\/capner.it\\\/dev\\\/#\\\/schema\\\/logo\\\/image\\\/\"}}]}<\/script>\n<!-- \/ Yoast SEO plugin. -->","yoast_head_json":{"title":"Merci avantages - Capner BE","robots":{"index":"noindex","follow":"follow","max-snippet":"max-snippet:-1","max-image-preview":"max-image-preview:large","max-video-preview":"max-video-preview:-1"},"og_locale":"fr_FR","og_type":"article","og_title":"Merci avantages - Capner BE","og_description":"Merci d\u2019avoir rempli le questionnaire Votre questionnaire a \u00e9t\u00e9 correctement envoy\u00e9.","og_url":"https:\/\/capner.it\/dev\/questionnaire-sur-les-avantages\/merci-avantages\/","og_site_name":"Capner BE","article_modified_time":"2025-09-09T13:42:25+00:00","twitter_card":"summary_large_image","twitter_misc":{"Dur\u00e9e de lecture estim\u00e9e":"1 minute"},"schema":{"@context":"https:\/\/schema.org","@graph":[{"@type":"WebPage","@id":"https:\/\/capner.it\/dev\/questionnaire-sur-les-avantages\/merci-avantages\/","url":"https:\/\/capner.it\/dev\/questionnaire-sur-les-avantages\/merci-avantages\/","name":"Merci avantages - Capner BE","isPartOf":{"@id":"https:\/\/capner.it\/dev\/#website"},"datePublished":"2024-09-19T10:00:55+00:00","dateModified":"2025-09-09T13:42:25+00:00","breadcrumb":{"@id":"https:\/\/capner.it\/dev\/questionnaire-sur-les-avantages\/merci-avantages\/#breadcrumb"},"inLanguage":"fr-FR","potentialAction":[{"@type":"ReadAction","target":["https:\/\/capner.it\/dev\/questionnaire-sur-les-avantages\/merci-avantages\/"]}]},{"@type":"BreadcrumbList","@id":"https:\/\/capner.it\/dev\/questionnaire-sur-les-avantages\/merci-avantages\/#breadcrumb","itemListElement":[{"@type":"ListItem","position":1,"name":"Home","item":"https:\/\/capner.it\/dev\/"},{"@type":"ListItem","position":2,"name":"Questionnaire sur les avantages","item":"https:\/\/capner.it\/dev\/questionnaire-sur-les-avantages\/"},{"@type":"ListItem","position":3,"name":"Merci avantages"}]},{"@type":"WebSite","@id":"https:\/\/capner.it\/dev\/#website","url":"https:\/\/capner.it\/dev\/","name":"Capner BE","description":"A world of possibilities","publisher":{"@id":"https:\/\/capner.it\/dev\/#organization"},"potentialAction":[{"@type":"SearchAction","target":{"@type":"EntryPoint","urlTemplate":"https:\/\/capner.it\/dev\/?s={search_term_string}"},"query-input":{"@type":"PropertyValueSpecification","valueRequired":true,"valueName":"search_term_string"}}],"inLanguage":"fr-FR"},{"@type":"Organization","@id":"https:\/\/capner.it\/dev\/#organization","name":"Capner BE","url":"https:\/\/capner.it\/dev\/","logo":{"@type":"ImageObject","inLanguage":"fr-FR","@id":"https:\/\/capner.it\/dev\/#\/schema\/logo\/image\/","url":"https:\/\/capner.it\/dev\/wp-content\/uploads\/sites\/11\/2025\/02\/capner-logo-svg.svg","contentUrl":"https:\/\/capner.it\/dev\/wp-content\/uploads\/sites\/11\/2025\/02\/capner-logo-svg.svg","caption":"Capner BE"},"image":{"@id":"https:\/\/capner.it\/dev\/#\/schema\/logo\/image\/"}}]}},"acf":[],"_links":{"self":[{"href":"https:\/\/capner.it\/dev\/wp-json\/wp\/v2\/pages\/2389","targetHints":{"allow":["GET"]}}],"collection":[{"href":"https:\/\/capner.it\/dev\/wp-json\/wp\/v2\/pages"}],"about":[{"href":"https:\/\/capner.it\/dev\/wp-json\/wp\/v2\/types\/page"}],"author":[{"embeddable":true,"href":"https:\/\/capner.it\/dev\/wp-json\/wp\/v2\/users\/2"}],"replies":[{"embeddable":true,"href":"https:\/\/capner.it\/dev\/wp-json\/wp\/v2\/comments?post=2389"}],"version-history":[{"count":4,"href":"https:\/\/capner.it\/dev\/wp-json\/wp\/v2\/pages\/2389\/revisions"}],"predecessor-version":[{"id":4201,"href":"https:\/\/capner.it\/dev\/wp-json\/wp\/v2\/pages\/2389\/revisions\/4201"}],"up":[{"embeddable":true,"href":"https:\/\/capner.it\/dev\/wp-json\/wp\/v2\/pages\/2388"}],"wp:attachment":[{"href":"https:\/\/capner.it\/dev\/wp-json\/wp\/v2\/media?parent=2389"}],"curies":[{"name":"wp","href":"https:\/\/api.w.org\/{rel}","templated":true}]}}