{"id":3142,"date":"2025-06-16T15:14:16","date_gmt":"2025-06-16T15:14:16","guid":{"rendered":"https:\/\/staging4.team99.it\/?page_id=3142"},"modified":"2025-07-24T15:22:00","modified_gmt":"2025-07-24T13:22:00","slug":"faq","status":"publish","type":"page","link":"https:\/\/capner.it\/dev\/faq\/","title":{"rendered":"FAQ"},"content":{"rendered":"\n<div class=\"wp-block-group has-custom-quattro-background-color has-background has-global-padding is-layout-constrained wp-block-group-is-layout-constrained\" style=\"padding-top:var(--wp--preset--spacing--60);padding-bottom:var(--wp--preset--spacing--60)\">\n<div style=\"height:var(--wp--preset--spacing--60)\" aria-hidden=\"true\" class=\"wp-block-spacer nascosto-mobile\"><\/div>\n\n\n\n<div style=\"height:100px\" aria-hidden=\"true\" class=\"wp-block-spacer nascosto-desktop nascosto-tablet\"><\/div>\n\n\n\n<h1 class=\"wp-block-heading has-text-align-center has-primary-color has-text-color has-link-color has-titolo-sezione-font-size wp-elements-6a802a2250bf5c7d698a67bb0ea5a4cc\"><strong>FAQ<\/strong><\/h1>\n\n\n\n<div class=\"wp-block-group pattern-faq has-global-padding is-layout-constrained wp-block-group-is-layout-constrained\">\n<div class=\"wp-block-query query-faq has-global-padding is-layout-constrained wp-container-core-query-is-layout-f36bc466 wp-block-query-is-layout-constrained\"><ul class=\"wp-block-post-template is-layout-flow wp-block-post-template-is-layout-flow\"><li class=\"wp-block-post post-2227 faq type-faq status-publish hentry\">\n\n<div class=\"wp-block-group faq-wrap has-global-padding is-layout-constrained wp-block-group-is-layout-constrained\" style=\"padding-top:var(--wp--preset--spacing--10)\"><h2 style=\"font-style:normal;font-weight:400; padding-right:var(--wp--preset--spacing--20);\" class=\"titolo-faq wp-block-post-title has-titolo-xs-font-size\">Quels sont les d\u00e9veloppements futurs attendus dans le domaine de l&rsquo;\u00e9nergie renouvelable?<\/h2>\n\n\n<div class=\"wp-block-group faq-content-wrap has-global-padding is-content-justification-left is-layout-constrained wp-container-core-group-is-layout-4b849057 wp-block-group-is-layout-constrained\" style=\"margin-top:10px;padding-right:var(--wp--preset--spacing--20)\"><div class=\"faq-acf-content wp-block-create-block-t99-block-acf-field is-layout-flex wp-container-create-block-t99-block-acf-field-is-layout-fc9f69e7 wp-block-t99-block-acf-field-is-layout-flex\"><div class=\"risposta_faq\">Les d\u00e9veloppements futurs comprennent l&#039;am\u00e9lioration de la technologie de stockage de l&#039;\u00e9nergie, la r\u00e9duction des co\u00fbts de production des \u00e9quipements renouvelables, l&#039;int\u00e9gration plus pouss\u00e9e des r\u00e9seaux intelligents et l&#039;expansion de l&#039;utilisation de l&#039;\u00e9nergie renouvelable dans les secteurs de l&#039;industrie, du transport et de la construction.<\/div><\/div><\/div>\n\n\n\n<hr class=\"wp-block-separator has-text-color has-custom-uno-color has-alpha-channel-opacity has-custom-uno-background-color has-background is-style-wide\" style=\"margin-top:var(--wp--preset--spacing--10);margin-bottom:0\"\/>\n<\/div>\n\n<\/li><li class=\"wp-block-post post-2226 faq type-faq status-publish hentry\">\n\n<div class=\"wp-block-group faq-wrap has-global-padding is-layout-constrained wp-block-group-is-layout-constrained\" style=\"padding-top:var(--wp--preset--spacing--10)\"><h2 style=\"font-style:normal;font-weight:400; padding-right:var(--wp--preset--spacing--20);\" class=\"titolo-faq wp-block-post-title has-titolo-xs-font-size\">Quels sont les impacts environnementaux de l&rsquo;\u00e9nergie renouvelable?<\/h2>\n\n\n<div class=\"wp-block-group faq-content-wrap has-global-padding is-content-justification-left is-layout-constrained wp-container-core-group-is-layout-4b849057 wp-block-group-is-layout-constrained\" style=\"margin-top:10px;padding-right:var(--wp--preset--spacing--20)\"><div class=\"faq-acf-content wp-block-create-block-t99-block-acf-field is-layout-flex wp-container-create-block-t99-block-acf-field-is-layout-fc9f69e7 wp-block-t99-block-acf-field-is-layout-flex\"><div class=\"risposta_faq\">Bien que l&#039;\u00e9nergie renouvelable soit g\u00e9n\u00e9ralement consid\u00e9r\u00e9e comme plus propre que les \u00e9nergies fossiles, elle peut avoir des impacts environnementaux tels que la perturbation des habitats naturels, la consommation de terres et l&#039;utilisation de ressources hydriques.<\/div><\/div><\/div>\n\n\n\n<hr class=\"wp-block-separator has-text-color has-custom-uno-color has-alpha-channel-opacity has-custom-uno-background-color has-background is-style-wide\" style=\"margin-top:var(--wp--preset--spacing--10);margin-bottom:0\"\/>\n<\/div>\n\n<\/li><li class=\"wp-block-post post-2225 faq type-faq status-publish hentry\">\n\n<div class=\"wp-block-group faq-wrap has-global-padding is-layout-constrained wp-block-group-is-layout-constrained\" style=\"padding-top:var(--wp--preset--spacing--10)\"><h2 style=\"font-style:normal;font-weight:400; padding-right:var(--wp--preset--spacing--20);\" class=\"titolo-faq wp-block-post-title has-titolo-xs-font-size\">Comment les gouvernements peuvent-ils encourager l&rsquo;adoption de l&rsquo;\u00e9nergie renouvelable?<\/h2>\n\n\n<div class=\"wp-block-group faq-content-wrap has-global-padding is-content-justification-left is-layout-constrained wp-container-core-group-is-layout-4b849057 wp-block-group-is-layout-constrained\" style=\"margin-top:10px;padding-right:var(--wp--preset--spacing--20)\"><div class=\"faq-acf-content wp-block-create-block-t99-block-acf-field is-layout-flex wp-container-create-block-t99-block-acf-field-is-layout-fc9f69e7 wp-block-t99-block-acf-field-is-layout-flex\"><div class=\"risposta_faq\">Les gouvernements peuvent encourager l&#039;adoption de l&#039;\u00e9nergie renouvelable en offrant des incitations fiscales, des subventions, des politiques de tarification de l&#039;\u00e9nergie favorable aux \u00e9nergies propres et en investissant dans la recherche et le d\u00e9veloppement de nouvelles technologies.<\/div><\/div><\/div>\n\n\n\n<hr class=\"wp-block-separator has-text-color has-custom-uno-color has-alpha-channel-opacity has-custom-uno-background-color has-background is-style-wide\" style=\"margin-top:var(--wp--preset--spacing--10);margin-bottom:0\"\/>\n<\/div>\n\n<\/li><li class=\"wp-block-post post-2224 faq type-faq status-publish hentry\">\n\n<div class=\"wp-block-group faq-wrap has-global-padding is-layout-constrained wp-block-group-is-layout-constrained\" style=\"padding-top:var(--wp--preset--spacing--10)\"><h2 style=\"font-style:normal;font-weight:400; padding-right:var(--wp--preset--spacing--20);\" class=\"titolo-faq wp-block-post-title has-titolo-xs-font-size\">Quels sont les d\u00e9fis actuels dans le domaine de l&rsquo;\u00e9nergie renouvelable?<\/h2>\n\n\n<div class=\"wp-block-group faq-content-wrap has-global-padding is-content-justification-left is-layout-constrained wp-container-core-group-is-layout-4b849057 wp-block-group-is-layout-constrained\" style=\"margin-top:10px;padding-right:var(--wp--preset--spacing--20)\"><div class=\"faq-acf-content wp-block-create-block-t99-block-acf-field is-layout-flex wp-container-create-block-t99-block-acf-field-is-layout-fc9f69e7 wp-block-t99-block-acf-field-is-layout-flex\"><div class=\"risposta_faq\">Les d\u00e9fis comprennent le stockage de l&#039;\u00e9nergie, l&#039;intermittence de certaines sources renouvelables comme le vent et le soleil, ainsi que les co\u00fbts initiaux \u00e9lev\u00e9s d&#039;installation des infrastructures renouvelables.<\/div><\/div><\/div>\n\n\n\n<hr class=\"wp-block-separator has-text-color has-custom-uno-color has-alpha-channel-opacity has-custom-uno-background-color has-background is-style-wide\" style=\"margin-top:var(--wp--preset--spacing--10);margin-bottom:0\"\/>\n<\/div>\n\n<\/li><li class=\"wp-block-post post-2223 faq type-faq status-publish hentry\">\n\n<div class=\"wp-block-group faq-wrap has-global-padding is-layout-constrained wp-block-group-is-layout-constrained\" style=\"padding-top:var(--wp--preset--spacing--10)\"><h2 style=\"font-style:normal;font-weight:400; padding-right:var(--wp--preset--spacing--20);\" class=\"titolo-faq wp-block-post-title has-titolo-xs-font-size\">Quels pays sont les leaders mondiaux dans l&rsquo;utilisation de l&rsquo;\u00e9nergie renouvelable?<\/h2>\n\n\n<div class=\"wp-block-group faq-content-wrap has-global-padding is-content-justification-left is-layout-constrained wp-container-core-group-is-layout-4b849057 wp-block-group-is-layout-constrained\" style=\"margin-top:10px;padding-right:var(--wp--preset--spacing--20)\"><div class=\"faq-acf-content wp-block-create-block-t99-block-acf-field is-layout-flex wp-container-create-block-t99-block-acf-field-is-layout-fc9f69e7 wp-block-t99-block-acf-field-is-layout-flex\"><div class=\"risposta_faq\">Des pays comme l&#039;Allemagne, la Chine, les \u00c9tats-Unis et l&#039;Inde sont parmi les leaders mondiaux dans l&#039;utilisation de l&#039;\u00e9nergie renouvelable, avec des investissements massifs dans les parcs \u00e9oliens, les centrales solaires et d&#039;autres infrastructures vertes.<\/div><\/div><\/div>\n\n\n\n<hr class=\"wp-block-separator has-text-color has-custom-uno-color has-alpha-channel-opacity has-custom-uno-background-color has-background is-style-wide\" style=\"margin-top:var(--wp--preset--spacing--10);margin-bottom:0\"\/>\n<\/div>\n\n<\/li><li class=\"wp-block-post post-2222 faq type-faq status-publish hentry\">\n\n<div class=\"wp-block-group faq-wrap has-global-padding is-layout-constrained wp-block-group-is-layout-constrained\" style=\"padding-top:var(--wp--preset--spacing--10)\"><h2 style=\"font-style:normal;font-weight:400; padding-right:var(--wp--preset--spacing--20);\" class=\"titolo-faq wp-block-post-title has-titolo-xs-font-size\">Quels sont les principaux types d&rsquo;\u00e9nergie renouvelable utilis\u00e9s dans le monde?<\/h2>\n\n\n<div class=\"wp-block-group faq-content-wrap has-global-padding is-content-justification-left is-layout-constrained wp-container-core-group-is-layout-4b849057 wp-block-group-is-layout-constrained\" style=\"margin-top:10px;padding-right:var(--wp--preset--spacing--20)\"><div class=\"faq-acf-content wp-block-create-block-t99-block-acf-field is-layout-flex wp-container-create-block-t99-block-acf-field-is-layout-fc9f69e7 wp-block-t99-block-acf-field-is-layout-flex\"><div class=\"risposta_faq\">Les principaux types d&#039;\u00e9nergie renouvelable sont l&#039;\u00e9nergie solaire, l&#039;\u00e9nergie \u00e9olienne, l&#039;\u00e9nergie hydraulique, l&#039;\u00e9nergie biomasse et l&#039;\u00e9nergie g\u00e9othermique.<\/div><\/div><\/div>\n\n\n\n<hr class=\"wp-block-separator has-text-color has-custom-uno-color has-alpha-channel-opacity has-custom-uno-background-color has-background is-style-wide\" style=\"margin-top:var(--wp--preset--spacing--10);margin-bottom:0\"\/>\n<\/div>\n\n<\/li><li class=\"wp-block-post post-2221 faq type-faq status-publish hentry\">\n\n<div class=\"wp-block-group faq-wrap has-global-padding is-layout-constrained wp-block-group-is-layout-constrained\" style=\"padding-top:var(--wp--preset--spacing--10)\"><h2 style=\"font-style:normal;font-weight:400; padding-right:var(--wp--preset--spacing--20);\" class=\"titolo-faq wp-block-post-title has-titolo-xs-font-size\">Quels sont les avantages de l&rsquo;\u00e9nergie renouvelable par rapport aux \u00e9nergies fossiles?<\/h2>\n\n\n<div class=\"wp-block-group faq-content-wrap has-global-padding is-content-justification-left is-layout-constrained wp-container-core-group-is-layout-4b849057 wp-block-group-is-layout-constrained\" style=\"margin-top:10px;padding-right:var(--wp--preset--spacing--20)\"><div class=\"faq-acf-content wp-block-create-block-t99-block-acf-field is-layout-flex wp-container-create-block-t99-block-acf-field-is-layout-fc9f69e7 wp-block-t99-block-acf-field-is-layout-flex\"><div class=\"risposta_faq\">Les avantages de l&#039;\u00e9nergie renouvelable incluent sa durabilit\u00e9 \u00e0 long terme, sa r\u00e9duction des \u00e9missions de gaz \u00e0 effet de serre, sa disponibilit\u00e9 mondiale et son potentiel de cr\u00e9ation d&#039;emplois dans le secteur des \u00e9nergies propres.<\/div><\/div><\/div>\n\n\n\n<hr class=\"wp-block-separator has-text-color has-custom-uno-color has-alpha-channel-opacity has-custom-uno-background-color has-background is-style-wide\" style=\"margin-top:var(--wp--preset--spacing--10);margin-bottom:0\"\/>\n<\/div>\n\n<\/li><li class=\"wp-block-post post-2220 faq type-faq status-publish hentry\">\n\n<div class=\"wp-block-group faq-wrap has-global-padding is-layout-constrained wp-block-group-is-layout-constrained\" style=\"padding-top:var(--wp--preset--spacing--10)\"><h2 style=\"font-style:normal;font-weight:400; padding-right:var(--wp--preset--spacing--20);\" class=\"titolo-faq wp-block-post-title has-titolo-xs-font-size\">Qu&rsquo;est-ce que l&rsquo;\u00e9nergie renouvelable?<\/h2>\n\n\n<div class=\"wp-block-group faq-content-wrap has-global-padding is-content-justification-left is-layout-constrained wp-container-core-group-is-layout-4b849057 wp-block-group-is-layout-constrained\" style=\"margin-top:10px;padding-right:var(--wp--preset--spacing--20)\"><div class=\"faq-acf-content wp-block-create-block-t99-block-acf-field is-layout-flex wp-container-create-block-t99-block-acf-field-is-layout-fc9f69e7 wp-block-t99-block-acf-field-is-layout-flex\"><div class=\"risposta_faq\">L&#039;\u00e9nergie renouvelable est une forme d&#039;\u00e9nergie obtenue \u00e0 partir de ressources naturelles qui se r\u00e9g\u00e9n\u00e8rent constamment, telles que le soleil, le vent, l&#039;eau et la biomasse.<\/div><\/div><\/div>\n\n\n\n<hr class=\"wp-block-separator has-text-color has-custom-uno-color has-alpha-channel-opacity has-custom-uno-background-color has-background is-style-wide\" style=\"margin-top:var(--wp--preset--spacing--10);margin-bottom:0\"\/>\n<\/div>\n\n<\/li><\/ul><\/div>\n<\/div>\n<\/div>\n","protected":false},"excerpt":{"rendered":"<p>FAQ<\/p>\n","protected":false},"author":2,"featured_media":0,"parent":0,"menu_order":0,"comment_status":"closed","ping_status":"closed","template":"wp-custom-template-template-no-intro","meta":{"_acf_changed":false,"footnotes":""},"class_list":["post-3142","page","type-page","status-publish","hentry"],"yoast_head":"<!-- This site is optimized with the Yoast SEO plugin v27.5 - https:\/\/yoast.com\/product\/yoast-seo-wordpress\/ -->\n<title>FAQ - Capner BE<\/title>\n<meta name=\"robots\" content=\"noindex, follow, max-snippet:-1, max-image-preview:large, max-video-preview:-1\" \/>\n<meta property=\"og:locale\" content=\"fr_FR\" \/>\n<meta property=\"og:type\" content=\"article\" \/>\n<meta property=\"og:title\" content=\"FAQ - Capner BE\" \/>\n<meta property=\"og:description\" content=\"FAQ\" \/>\n<meta property=\"og:url\" content=\"https:\/\/capner.it\/dev\/faq\/\" \/>\n<meta property=\"og:site_name\" content=\"Capner BE\" \/>\n<meta property=\"article:modified_time\" content=\"2025-07-24T13:22:00+00:00\" \/>\n<meta name=\"twitter:card\" content=\"summary_large_image\" \/>\n<meta name=\"twitter:label1\" content=\"Dur\u00e9e de lecture estim\u00e9e\" \/>\n\t<meta name=\"twitter:data1\" content=\"1 minute\" \/>\n<script type=\"application\/ld+json\" class=\"yoast-schema-graph\">{\"@context\":\"https:\\\/\\\/schema.org\",\"@graph\":[{\"@type\":\"WebPage\",\"@id\":\"https:\\\/\\\/capner.it\\\/dev\\\/faq\\\/\",\"url\":\"https:\\\/\\\/capner.it\\\/dev\\\/faq\\\/\",\"name\":\"FAQ - Capner BE\",\"isPartOf\":{\"@id\":\"https:\\\/\\\/capner.it\\\/dev\\\/#website\"},\"datePublished\":\"2025-06-16T15:14:16+00:00\",\"dateModified\":\"2025-07-24T13:22:00+00:00\",\"breadcrumb\":{\"@id\":\"https:\\\/\\\/capner.it\\\/dev\\\/faq\\\/#breadcrumb\"},\"inLanguage\":\"fr-FR\",\"potentialAction\":[{\"@type\":\"ReadAction\",\"target\":[\"https:\\\/\\\/capner.it\\\/dev\\\/faq\\\/\"]}]},{\"@type\":\"BreadcrumbList\",\"@id\":\"https:\\\/\\\/capner.it\\\/dev\\\/faq\\\/#breadcrumb\",\"itemListElement\":[{\"@type\":\"ListItem\",\"position\":1,\"name\":\"Home\",\"item\":\"https:\\\/\\\/capner.it\\\/dev\\\/\"},{\"@type\":\"ListItem\",\"position\":2,\"name\":\"FAQ\"}]},{\"@type\":\"WebSite\",\"@id\":\"https:\\\/\\\/capner.it\\\/dev\\\/#website\",\"url\":\"https:\\\/\\\/capner.it\\\/dev\\\/\",\"name\":\"Capner BE\",\"description\":\"A world of possibilities\",\"publisher\":{\"@id\":\"https:\\\/\\\/capner.it\\\/dev\\\/#organization\"},\"potentialAction\":[{\"@type\":\"SearchAction\",\"target\":{\"@type\":\"EntryPoint\",\"urlTemplate\":\"https:\\\/\\\/capner.it\\\/dev\\\/?s={search_term_string}\"},\"query-input\":{\"@type\":\"PropertyValueSpecification\",\"valueRequired\":true,\"valueName\":\"search_term_string\"}}],\"inLanguage\":\"fr-FR\"},{\"@type\":\"Organization\",\"@id\":\"https:\\\/\\\/capner.it\\\/dev\\\/#organization\",\"name\":\"Capner BE\",\"url\":\"https:\\\/\\\/capner.it\\\/dev\\\/\",\"logo\":{\"@type\":\"ImageObject\",\"inLanguage\":\"fr-FR\",\"@id\":\"https:\\\/\\\/capner.it\\\/dev\\\/#\\\/schema\\\/logo\\\/image\\\/\",\"url\":\"https:\\\/\\\/capner.it\\\/dev\\\/wp-content\\\/uploads\\\/sites\\\/11\\\/2025\\\/02\\\/capner-logo-svg.svg\",\"contentUrl\":\"https:\\\/\\\/capner.it\\\/dev\\\/wp-content\\\/uploads\\\/sites\\\/11\\\/2025\\\/02\\\/capner-logo-svg.svg\",\"caption\":\"Capner BE\"},\"image\":{\"@id\":\"https:\\\/\\\/capner.it\\\/dev\\\/#\\\/schema\\\/logo\\\/image\\\/\"}}]}<\/script>\n<!-- \/ Yoast SEO plugin. -->","yoast_head_json":{"title":"FAQ - Capner BE","robots":{"index":"noindex","follow":"follow","max-snippet":"max-snippet:-1","max-image-preview":"max-image-preview:large","max-video-preview":"max-video-preview:-1"},"og_locale":"fr_FR","og_type":"article","og_title":"FAQ - Capner BE","og_description":"FAQ","og_url":"https:\/\/capner.it\/dev\/faq\/","og_site_name":"Capner BE","article_modified_time":"2025-07-24T13:22:00+00:00","twitter_card":"summary_large_image","twitter_misc":{"Dur\u00e9e de lecture estim\u00e9e":"1 minute"},"schema":{"@context":"https:\/\/schema.org","@graph":[{"@type":"WebPage","@id":"https:\/\/capner.it\/dev\/faq\/","url":"https:\/\/capner.it\/dev\/faq\/","name":"FAQ - Capner BE","isPartOf":{"@id":"https:\/\/capner.it\/dev\/#website"},"datePublished":"2025-06-16T15:14:16+00:00","dateModified":"2025-07-24T13:22:00+00:00","breadcrumb":{"@id":"https:\/\/capner.it\/dev\/faq\/#breadcrumb"},"inLanguage":"fr-FR","potentialAction":[{"@type":"ReadAction","target":["https:\/\/capner.it\/dev\/faq\/"]}]},{"@type":"BreadcrumbList","@id":"https:\/\/capner.it\/dev\/faq\/#breadcrumb","itemListElement":[{"@type":"ListItem","position":1,"name":"Home","item":"https:\/\/capner.it\/dev\/"},{"@type":"ListItem","position":2,"name":"FAQ"}]},{"@type":"WebSite","@id":"https:\/\/capner.it\/dev\/#website","url":"https:\/\/capner.it\/dev\/","name":"Capner BE","description":"A world of possibilities","publisher":{"@id":"https:\/\/capner.it\/dev\/#organization"},"potentialAction":[{"@type":"SearchAction","target":{"@type":"EntryPoint","urlTemplate":"https:\/\/capner.it\/dev\/?s={search_term_string}"},"query-input":{"@type":"PropertyValueSpecification","valueRequired":true,"valueName":"search_term_string"}}],"inLanguage":"fr-FR"},{"@type":"Organization","@id":"https:\/\/capner.it\/dev\/#organization","name":"Capner BE","url":"https:\/\/capner.it\/dev\/","logo":{"@type":"ImageObject","inLanguage":"fr-FR","@id":"https:\/\/capner.it\/dev\/#\/schema\/logo\/image\/","url":"https:\/\/capner.it\/dev\/wp-content\/uploads\/sites\/11\/2025\/02\/capner-logo-svg.svg","contentUrl":"https:\/\/capner.it\/dev\/wp-content\/uploads\/sites\/11\/2025\/02\/capner-logo-svg.svg","caption":"Capner BE"},"image":{"@id":"https:\/\/capner.it\/dev\/#\/schema\/logo\/image\/"}}]}},"acf":[],"_links":{"self":[{"href":"https:\/\/capner.it\/dev\/wp-json\/wp\/v2\/pages\/3142","targetHints":{"allow":["GET"]}}],"collection":[{"href":"https:\/\/capner.it\/dev\/wp-json\/wp\/v2\/pages"}],"about":[{"href":"https:\/\/capner.it\/dev\/wp-json\/wp\/v2\/types\/page"}],"author":[{"embeddable":true,"href":"https:\/\/capner.it\/dev\/wp-json\/wp\/v2\/users\/2"}],"replies":[{"embeddable":true,"href":"https:\/\/capner.it\/dev\/wp-json\/wp\/v2\/comments?post=3142"}],"version-history":[{"count":7,"href":"https:\/\/capner.it\/dev\/wp-json\/wp\/v2\/pages\/3142\/revisions"}],"predecessor-version":[{"id":3870,"href":"https:\/\/capner.it\/dev\/wp-json\/wp\/v2\/pages\/3142\/revisions\/3870"}],"wp:attachment":[{"href":"https:\/\/capner.it\/dev\/wp-json\/wp\/v2\/media?parent=3142"}],"curies":[{"name":"wp","href":"https:\/\/api.w.org\/{rel}","templated":true}]}}