{"id":4168,"date":"2025-09-09T14:29:44","date_gmt":"2025-09-09T12:29:44","guid":{"rendered":"https:\/\/capner.it\/dev\/?page_id=4168"},"modified":"2025-09-09T14:35:11","modified_gmt":"2025-09-09T12:35:11","slug":"devenir-un-affilie","status":"publish","type":"page","link":"https:\/\/capner.it\/dev\/devenir-un-affilie\/","title":{"rendered":"Devenir un affili\u00e9"},"content":{"rendered":"\n<div class=\"wp-block-cover alignfull copertina-homepage\" style=\"padding-top:var(--wp--preset--spacing--60);padding-bottom:var(--wp--preset--spacing--50);min-height:80vh;aspect-ratio:unset;\"><img loading=\"lazy\" decoding=\"async\" width=\"1024\" height=\"683\" class=\"wp-block-cover__image-background wp-image-4169 size-large\" alt=\"\" src=\"https:\/\/capner.it\/dev\/wp-content\/uploads\/sites\/11\/2025\/09\/capner_affiliazione-1024x683.jpg\" data-object-fit=\"cover\" srcset=\"https:\/\/capner.it\/dev\/wp-content\/uploads\/sites\/11\/2025\/09\/capner_affiliazione-1024x683.jpg 1024w, https:\/\/capner.it\/dev\/wp-content\/uploads\/sites\/11\/2025\/09\/capner_affiliazione-300x200.jpg 300w, https:\/\/capner.it\/dev\/wp-content\/uploads\/sites\/11\/2025\/09\/capner_affiliazione-768x512.jpg 768w, https:\/\/capner.it\/dev\/wp-content\/uploads\/sites\/11\/2025\/09\/capner_affiliazione-1536x1025.jpg 1536w, https:\/\/capner.it\/dev\/wp-content\/uploads\/sites\/11\/2025\/09\/capner_affiliazione.jpg 2000w\" sizes=\"auto, (max-width: 1024px) 100vw, 1024px\" \/><span aria-hidden=\"true\" class=\"wp-block-cover__background has-black-background-color has-background-dim\"><\/span><div class=\"wp-block-cover__inner-container has-global-padding is-layout-constrained wp-block-cover-is-layout-constrained\">\n<div class=\"wp-block-group has-global-padding is-content-justification-left is-layout-constrained wp-container-core-group-is-layout-e18b627f wp-block-group-is-layout-constrained\">\n<h1 class=\"wp-block-heading has-text-align-left has-neue-montreal-font-family has-titolo-giant-font-size\" style=\"letter-spacing:0px\"><strong>Devenez Partenaire de Capner<\/strong><\/h1>\n\n\n\n<h2 class=\"wp-block-heading has-titolo-sezione-font-size\">Rejoignez le Futur de l\u2019<strong>\u00c9nergie Durable<\/strong><\/h2>\n<\/div>\n<\/div><\/div>\n\n\n\n<div class=\"wp-block-group pattern-txt-img has-custom-quattro-background-color has-background is-layout-flow wp-block-group-is-layout-flow\" style=\"padding-top:0;padding-right:0;padding-bottom:0;padding-left:0\">\n<div class=\"wp-block-columns is-layout-flex wp-container-core-columns-is-layout-00d5f2ad wp-block-columns-is-layout-flex\">\n<div class=\"wp-block-column is-vertically-aligned-center has-global-padding is-layout-constrained wp-block-column-is-layout-constrained\" style=\"padding-top:60px;padding-bottom:60px;flex-basis:50%\">\n<div style=\"height:150px\" aria-hidden=\"true\" class=\"wp-block-spacer nascosto-mobile\"><\/div>\n\n\n\n<div class=\"wp-block-cover is-light\"><span aria-hidden=\"true\" class=\"wp-block-cover__background has-background-dim-0 has-background-dim\"><\/span><div class=\"wp-block-cover__inner-container has-global-padding is-layout-constrained wp-container-core-cover-is-layout-a099c240 wp-block-cover-is-layout-constrained\">\n<h2 class=\"wp-block-heading has-titolo-grande-font-size\">D\u00e9couvrez le <strong><mark style=\"background-color:rgba(0, 0, 0, 0)\" class=\"has-inline-color has-custom-uno-color\">programme d\u2019affiliation<\/mark><\/strong> de Capner<\/h2>\n\n\n\n<p class=\"\">Si vous croyez en un avenir durable et que vous recherchez une opportunit\u00e9 de gain innovante, le programme d\u2019affiliation de Capner est parfait pour vous.<br><br>Promouvez nos produits pour l\u2019ind\u00e9pendance \u00e9nerg\u00e9tique et b\u00e9n\u00e9ficiez de commissions avantageuses pour chaque vente g\u00e9n\u00e9r\u00e9e.<\/p>\n<\/div><\/div>\n\n\n\n<div style=\"height:150px\" aria-hidden=\"true\" class=\"wp-block-spacer nascosto-mobile\"><\/div>\n<\/div>\n\n\n\n<div class=\"wp-block-column is-vertically-aligned-stretch is-layout-flow wp-block-column-is-layout-flow\" style=\"flex-basis:50%;min-height:450px\">\n<div class=\"wp-block-cover has-custom-content-position is-position-bottom-center is-style-cover-multiply\" style=\"min-height:100%;aspect-ratio:unset;\"><img decoding=\"async\" class=\"wp-block-cover__image-background wp-image-646 size-full\" alt=\"\" src=\"https:\/\/capner.it\/wp-content\/uploads\/2025\/08\/capner_diventa_affiliato_3184418.jpg\" data-object-fit=\"cover\"\/><span aria-hidden=\"true\" class=\"wp-block-cover__background has-background-dim-0 has-background-dim has-background-gradient has-transparent-to-black-gradient-background\"><\/span><div class=\"wp-block-cover__inner-container has-global-padding is-layout-constrained wp-block-cover-is-layout-constrained\">\n<p class=\"has-text-align-center has-large-font-size\"><\/p>\n<\/div><\/div>\n<\/div>\n<\/div>\n<\/div>\n\n\n\n<div class=\"wp-block-group alignfull has-global-padding is-layout-constrained wp-block-group-is-layout-constrained\">\n<div class=\"wp-block-cover alignfull is-light\" style=\"padding-top:0;padding-bottom:0;min-height:65vh;aspect-ratio:unset;\"><img loading=\"lazy\" decoding=\"async\" width=\"2000\" height=\"857\" class=\"wp-block-cover__image-background wp-image-4174 size-full\" alt=\"\" src=\"https:\/\/capner.it\/dev\/wp-content\/uploads\/sites\/11\/2025\/09\/capner_illustrazione.jpg\" data-object-fit=\"cover\" srcset=\"https:\/\/capner.it\/dev\/wp-content\/uploads\/sites\/11\/2025\/09\/capner_illustrazione.jpg 2000w, https:\/\/capner.it\/dev\/wp-content\/uploads\/sites\/11\/2025\/09\/capner_illustrazione-300x129.jpg 300w, https:\/\/capner.it\/dev\/wp-content\/uploads\/sites\/11\/2025\/09\/capner_illustrazione-1024x439.jpg 1024w, https:\/\/capner.it\/dev\/wp-content\/uploads\/sites\/11\/2025\/09\/capner_illustrazione-768x329.jpg 768w, https:\/\/capner.it\/dev\/wp-content\/uploads\/sites\/11\/2025\/09\/capner_illustrazione-1536x658.jpg 1536w\" sizes=\"auto, (max-width: 2000px) 100vw, 2000px\" \/><span aria-hidden=\"true\" class=\"wp-block-cover__background has-background-dim-0 has-background-dim\" style=\"background-color:#909092\"><\/span><div class=\"wp-block-cover__inner-container has-global-padding is-layout-constrained wp-block-cover-is-layout-constrained\">\n<p class=\"has-text-align-center has-large-font-size\"><\/p>\n<\/div><\/div>\n<\/div>\n\n\n\n<div class=\"wp-block-group pattern-txt-img has-custom-quattro-background-color has-background is-layout-flow wp-block-group-is-layout-flow\" style=\"padding-top:0;padding-right:0;padding-bottom:0;padding-left:0\">\n<div class=\"wp-block-columns is-layout-flex wp-container-core-columns-is-layout-00d5f2ad wp-block-columns-is-layout-flex\">\n<div class=\"wp-block-column is-vertically-aligned-stretch is-layout-flow wp-block-column-is-layout-flow\" style=\"flex-basis:50%;min-height:450px\">\n<div class=\"wp-block-cover has-custom-content-position is-position-bottom-center is-style-cover-multiply\" style=\"min-height:100%;aspect-ratio:unset;\"><img loading=\"lazy\" decoding=\"async\" width=\"1500\" height=\"1303\" class=\"wp-block-cover__image-background wp-image-4171 size-full\" alt=\"\" src=\"https:\/\/capner.it\/dev\/wp-content\/uploads\/sites\/11\/2025\/09\/prodotti_capner_con_boiler_booster_intera_BE.png\" style=\"object-position:41% 60%\" data-object-fit=\"cover\" data-object-position=\"41% 60%\" srcset=\"https:\/\/capner.it\/dev\/wp-content\/uploads\/sites\/11\/2025\/09\/prodotti_capner_con_boiler_booster_intera_BE.png 1500w, https:\/\/capner.it\/dev\/wp-content\/uploads\/sites\/11\/2025\/09\/prodotti_capner_con_boiler_booster_intera_BE-300x261.png 300w, https:\/\/capner.it\/dev\/wp-content\/uploads\/sites\/11\/2025\/09\/prodotti_capner_con_boiler_booster_intera_BE-1024x890.png 1024w, https:\/\/capner.it\/dev\/wp-content\/uploads\/sites\/11\/2025\/09\/prodotti_capner_con_boiler_booster_intera_BE-768x667.png 768w\" sizes=\"auto, (max-width: 1500px) 100vw, 1500px\" \/><span aria-hidden=\"true\" class=\"wp-block-cover__background has-background-dim-0 has-background-dim has-background-gradient has-transparent-to-black-gradient-background\"><\/span><div class=\"wp-block-cover__inner-container has-global-padding is-layout-constrained wp-block-cover-is-layout-constrained\">\n<p class=\"has-text-align-center has-large-font-size\"><\/p>\n<\/div><\/div>\n<\/div>\n\n\n\n<div class=\"wp-block-column is-vertically-aligned-center has-custom-bianco-background-color has-background has-global-padding is-layout-constrained wp-block-column-is-layout-constrained\" style=\"padding-top:60px;padding-bottom:60px;flex-basis:50%\">\n<div style=\"height:150px\" aria-hidden=\"true\" class=\"wp-block-spacer nascosto-mobile\"><\/div>\n\n\n\n<div class=\"wp-block-cover is-light\"><span aria-hidden=\"true\" class=\"wp-block-cover__background has-background-dim-0 has-background-dim\"><\/span><div class=\"wp-block-cover__inner-container has-global-padding is-layout-constrained wp-container-core-cover-is-layout-a099c240 wp-block-cover-is-layout-constrained\">\n<h2 class=\"wp-block-heading has-titolo-grande-font-size\">Les <strong><mark style=\"background-color:rgba(0, 0, 0, 0)\" class=\"has-inline-color has-custom-uno-color\">avantages<\/mark><\/strong> de notre programme d\u2019affiliation<\/h2>\n\n\n\n<p class=\"\"><strong>NOTRE GAMME DE PRODUITS<br><\/strong>Des panneaux solaires aux syst\u00e8mes de gestion \u00e9nerg\u00e9tique, promouvez des solutions de pointe qui am\u00e9liorent l\u2019autosuffisance \u00e9nerg\u00e9tique.<br><br><strong>COMMISSIONS G\u00c9N\u00c9RATRICES<br><\/strong>Gagnez des commissions comp\u00e9titives sur chaque vente effectu\u00e9e via votre lien d\u2019affiliation.<br><br><strong>MAT\u00c9RIEL PROMOTIONNEL<br><\/strong>Acc\u00e9dez \u00e0 des banni\u00e8res, images et textes pr\u00eats \u00e0 l\u2019emploi pour vous aider \u00e0 promouvoir efficacement les produits.<br><br><strong>SUIVI ET TRANSPARENCE<br><\/strong>Plateforme intuitive pour suivre vos performances et vos gains en temps r\u00e9el.<br><br><strong>SUPPORT PROFESSIONNEL<\/strong><br>Notre \u00e9quipe de support est toujours disponible pour vous aider \u00e0 maximiser votre potentiel de gain.<\/p>\n<\/div><\/div>\n\n\n\n<div style=\"height:150px\" aria-hidden=\"true\" class=\"wp-block-spacer nascosto-mobile\"><\/div>\n<\/div>\n<\/div>\n<\/div>\n\n\n\n<div class=\"wp-block-group has-custom-quattro-background-color has-background has-global-padding is-layout-constrained wp-container-core-group-is-layout-6697e32a wp-block-group-is-layout-constrained\" style=\"padding-top:10vh;padding-bottom:10vh\">\n<h2 class=\"wp-block-heading has-text-align-center has-titolo-sezione-font-size\">Contactez-nous pour obtenir <strong><mark style=\"background-color:rgba(0, 0, 0, 0)\" class=\"has-inline-color has-custom-uno-color\">plus d&rsquo;informations<\/mark><\/strong> et commencer une <strong><mark style=\"background-color:rgba(0, 0, 0, 0)\" class=\"has-inline-color has-custom-uno-color\">nouvelle aventure<\/mark><\/strong> avec nous.<\/h2>\n\n\n\n<p class=\"has-text-align-center has-titolo-piccolo-font-size\">Remplissez le formulaire ci-dessous<\/p>\n\n\n\n<div class=\"wp-block-group has-global-padding is-layout-constrained wp-container-core-group-is-layout-bea02a06 wp-block-group-is-layout-constrained\">Veuillez s\u00e9lectionner un formulaire valide<\/div>\n<\/div>\n","protected":false},"excerpt":{"rendered":"<p>Contactez-nous pour obtenir plus d&rsquo;informations et commencer une nouvelle aventure avec nous. Remplissez le formulaire ci-dessous<\/p>\n","protected":false},"author":1,"featured_media":0,"parent":0,"menu_order":0,"comment_status":"closed","ping_status":"closed","template":"","meta":{"_acf_changed":false,"footnotes":""},"class_list":["post-4168","page","type-page","status-publish","hentry"],"yoast_head":"<!-- This site is optimized with the Yoast SEO plugin v27.5 - https:\/\/yoast.com\/product\/yoast-seo-wordpress\/ -->\n<title>Devenir un affili\u00e9 - Capner BE<\/title>\n<meta name=\"robots\" content=\"noindex, follow, max-snippet:-1, max-image-preview:large, max-video-preview:-1\" \/>\n<meta property=\"og:locale\" content=\"fr_FR\" \/>\n<meta property=\"og:type\" content=\"article\" \/>\n<meta property=\"og:title\" content=\"Devenir un affili\u00e9 - Capner BE\" \/>\n<meta property=\"og:description\" content=\"Contactez-nous pour obtenir plus d&rsquo;informations et commencer une nouvelle aventure avec nous. Remplissez le formulaire ci-dessous\" \/>\n<meta property=\"og:url\" content=\"https:\/\/capner.it\/dev\/devenir-un-affilie\/\" \/>\n<meta property=\"og:site_name\" content=\"Capner BE\" \/>\n<meta property=\"article:modified_time\" content=\"2025-09-09T12:35:11+00:00\" \/>\n<meta property=\"og:image\" content=\"https:\/\/capner.it\/dev\/wp-content\/uploads\/sites\/11\/2025\/09\/capner_affiliazione.jpg\" \/>\n\t<meta property=\"og:image:width\" content=\"2000\" \/>\n\t<meta property=\"og:image:height\" content=\"1334\" \/>\n\t<meta property=\"og:image:type\" content=\"image\/jpeg\" \/>\n<meta name=\"twitter:card\" content=\"summary_large_image\" \/>\n<meta name=\"twitter:label1\" content=\"Dur\u00e9e de lecture estim\u00e9e\" \/>\n\t<meta name=\"twitter:data1\" content=\"2 minutes\" \/>\n<script type=\"application\/ld+json\" class=\"yoast-schema-graph\">{\"@context\":\"https:\\\/\\\/schema.org\",\"@graph\":[{\"@type\":\"WebPage\",\"@id\":\"https:\\\/\\\/capner.it\\\/dev\\\/devenir-un-affilie\\\/\",\"url\":\"https:\\\/\\\/capner.it\\\/dev\\\/devenir-un-affilie\\\/\",\"name\":\"Devenir un affili\u00e9 - Capner BE\",\"isPartOf\":{\"@id\":\"https:\\\/\\\/capner.it\\\/dev\\\/#website\"},\"primaryImageOfPage\":{\"@id\":\"https:\\\/\\\/capner.it\\\/dev\\\/devenir-un-affilie\\\/#primaryimage\"},\"image\":{\"@id\":\"https:\\\/\\\/capner.it\\\/dev\\\/devenir-un-affilie\\\/#primaryimage\"},\"thumbnailUrl\":\"https:\\\/\\\/capner.it\\\/dev\\\/wp-content\\\/uploads\\\/sites\\\/11\\\/2025\\\/09\\\/capner_affiliazione-1024x683.jpg\",\"datePublished\":\"2025-09-09T12:29:44+00:00\",\"dateModified\":\"2025-09-09T12:35:11+00:00\",\"breadcrumb\":{\"@id\":\"https:\\\/\\\/capner.it\\\/dev\\\/devenir-un-affilie\\\/#breadcrumb\"},\"inLanguage\":\"fr-FR\",\"potentialAction\":[{\"@type\":\"ReadAction\",\"target\":[\"https:\\\/\\\/capner.it\\\/dev\\\/devenir-un-affilie\\\/\"]}]},{\"@type\":\"ImageObject\",\"inLanguage\":\"fr-FR\",\"@id\":\"https:\\\/\\\/capner.it\\\/dev\\\/devenir-un-affilie\\\/#primaryimage\",\"url\":\"https:\\\/\\\/capner.it\\\/dev\\\/wp-content\\\/uploads\\\/sites\\\/11\\\/2025\\\/09\\\/capner_affiliazione.jpg\",\"contentUrl\":\"https:\\\/\\\/capner.it\\\/dev\\\/wp-content\\\/uploads\\\/sites\\\/11\\\/2025\\\/09\\\/capner_affiliazione.jpg\",\"width\":2000,\"height\":1334},{\"@type\":\"BreadcrumbList\",\"@id\":\"https:\\\/\\\/capner.it\\\/dev\\\/devenir-un-affilie\\\/#breadcrumb\",\"itemListElement\":[{\"@type\":\"ListItem\",\"position\":1,\"name\":\"Home\",\"item\":\"https:\\\/\\\/capner.it\\\/dev\\\/\"},{\"@type\":\"ListItem\",\"position\":2,\"name\":\"Devenir un affili\u00e9\"}]},{\"@type\":\"WebSite\",\"@id\":\"https:\\\/\\\/capner.it\\\/dev\\\/#website\",\"url\":\"https:\\\/\\\/capner.it\\\/dev\\\/\",\"name\":\"Capner BE\",\"description\":\"A world of possibilities\",\"publisher\":{\"@id\":\"https:\\\/\\\/capner.it\\\/dev\\\/#organization\"},\"potentialAction\":[{\"@type\":\"SearchAction\",\"target\":{\"@type\":\"EntryPoint\",\"urlTemplate\":\"https:\\\/\\\/capner.it\\\/dev\\\/?s={search_term_string}\"},\"query-input\":{\"@type\":\"PropertyValueSpecification\",\"valueRequired\":true,\"valueName\":\"search_term_string\"}}],\"inLanguage\":\"fr-FR\"},{\"@type\":\"Organization\",\"@id\":\"https:\\\/\\\/capner.it\\\/dev\\\/#organization\",\"name\":\"Capner BE\",\"url\":\"https:\\\/\\\/capner.it\\\/dev\\\/\",\"logo\":{\"@type\":\"ImageObject\",\"inLanguage\":\"fr-FR\",\"@id\":\"https:\\\/\\\/capner.it\\\/dev\\\/#\\\/schema\\\/logo\\\/image\\\/\",\"url\":\"https:\\\/\\\/capner.it\\\/dev\\\/wp-content\\\/uploads\\\/sites\\\/11\\\/2025\\\/02\\\/capner-logo-svg.svg\",\"contentUrl\":\"https:\\\/\\\/capner.it\\\/dev\\\/wp-content\\\/uploads\\\/sites\\\/11\\\/2025\\\/02\\\/capner-logo-svg.svg\",\"caption\":\"Capner BE\"},\"image\":{\"@id\":\"https:\\\/\\\/capner.it\\\/dev\\\/#\\\/schema\\\/logo\\\/image\\\/\"}}]}<\/script>\n<!-- \/ Yoast SEO plugin. -->","yoast_head_json":{"title":"Devenir un affili\u00e9 - Capner BE","robots":{"index":"noindex","follow":"follow","max-snippet":"max-snippet:-1","max-image-preview":"max-image-preview:large","max-video-preview":"max-video-preview:-1"},"og_locale":"fr_FR","og_type":"article","og_title":"Devenir un affili\u00e9 - Capner BE","og_description":"Contactez-nous pour obtenir plus d&rsquo;informations et commencer une nouvelle aventure avec nous. Remplissez le formulaire ci-dessous","og_url":"https:\/\/capner.it\/dev\/devenir-un-affilie\/","og_site_name":"Capner BE","article_modified_time":"2025-09-09T12:35:11+00:00","og_image":[{"width":2000,"height":1334,"url":"https:\/\/capner.it\/dev\/wp-content\/uploads\/sites\/11\/2025\/09\/capner_affiliazione.jpg","type":"image\/jpeg"}],"twitter_card":"summary_large_image","twitter_misc":{"Dur\u00e9e de lecture estim\u00e9e":"2 minutes"},"schema":{"@context":"https:\/\/schema.org","@graph":[{"@type":"WebPage","@id":"https:\/\/capner.it\/dev\/devenir-un-affilie\/","url":"https:\/\/capner.it\/dev\/devenir-un-affilie\/","name":"Devenir un affili\u00e9 - Capner BE","isPartOf":{"@id":"https:\/\/capner.it\/dev\/#website"},"primaryImageOfPage":{"@id":"https:\/\/capner.it\/dev\/devenir-un-affilie\/#primaryimage"},"image":{"@id":"https:\/\/capner.it\/dev\/devenir-un-affilie\/#primaryimage"},"thumbnailUrl":"https:\/\/capner.it\/dev\/wp-content\/uploads\/sites\/11\/2025\/09\/capner_affiliazione-1024x683.jpg","datePublished":"2025-09-09T12:29:44+00:00","dateModified":"2025-09-09T12:35:11+00:00","breadcrumb":{"@id":"https:\/\/capner.it\/dev\/devenir-un-affilie\/#breadcrumb"},"inLanguage":"fr-FR","potentialAction":[{"@type":"ReadAction","target":["https:\/\/capner.it\/dev\/devenir-un-affilie\/"]}]},{"@type":"ImageObject","inLanguage":"fr-FR","@id":"https:\/\/capner.it\/dev\/devenir-un-affilie\/#primaryimage","url":"https:\/\/capner.it\/dev\/wp-content\/uploads\/sites\/11\/2025\/09\/capner_affiliazione.jpg","contentUrl":"https:\/\/capner.it\/dev\/wp-content\/uploads\/sites\/11\/2025\/09\/capner_affiliazione.jpg","width":2000,"height":1334},{"@type":"BreadcrumbList","@id":"https:\/\/capner.it\/dev\/devenir-un-affilie\/#breadcrumb","itemListElement":[{"@type":"ListItem","position":1,"name":"Home","item":"https:\/\/capner.it\/dev\/"},{"@type":"ListItem","position":2,"name":"Devenir un affili\u00e9"}]},{"@type":"WebSite","@id":"https:\/\/capner.it\/dev\/#website","url":"https:\/\/capner.it\/dev\/","name":"Capner BE","description":"A world of possibilities","publisher":{"@id":"https:\/\/capner.it\/dev\/#organization"},"potentialAction":[{"@type":"SearchAction","target":{"@type":"EntryPoint","urlTemplate":"https:\/\/capner.it\/dev\/?s={search_term_string}"},"query-input":{"@type":"PropertyValueSpecification","valueRequired":true,"valueName":"search_term_string"}}],"inLanguage":"fr-FR"},{"@type":"Organization","@id":"https:\/\/capner.it\/dev\/#organization","name":"Capner BE","url":"https:\/\/capner.it\/dev\/","logo":{"@type":"ImageObject","inLanguage":"fr-FR","@id":"https:\/\/capner.it\/dev\/#\/schema\/logo\/image\/","url":"https:\/\/capner.it\/dev\/wp-content\/uploads\/sites\/11\/2025\/02\/capner-logo-svg.svg","contentUrl":"https:\/\/capner.it\/dev\/wp-content\/uploads\/sites\/11\/2025\/02\/capner-logo-svg.svg","caption":"Capner BE"},"image":{"@id":"https:\/\/capner.it\/dev\/#\/schema\/logo\/image\/"}}]}},"acf":[],"_links":{"self":[{"href":"https:\/\/capner.it\/dev\/wp-json\/wp\/v2\/pages\/4168","targetHints":{"allow":["GET"]}}],"collection":[{"href":"https:\/\/capner.it\/dev\/wp-json\/wp\/v2\/pages"}],"about":[{"href":"https:\/\/capner.it\/dev\/wp-json\/wp\/v2\/types\/page"}],"author":[{"embeddable":true,"href":"https:\/\/capner.it\/dev\/wp-json\/wp\/v2\/users\/1"}],"replies":[{"embeddable":true,"href":"https:\/\/capner.it\/dev\/wp-json\/wp\/v2\/comments?post=4168"}],"version-history":[{"count":2,"href":"https:\/\/capner.it\/dev\/wp-json\/wp\/v2\/pages\/4168\/revisions"}],"predecessor-version":[{"id":4176,"href":"https:\/\/capner.it\/dev\/wp-json\/wp\/v2\/pages\/4168\/revisions\/4176"}],"wp:attachment":[{"href":"https:\/\/capner.it\/dev\/wp-json\/wp\/v2\/media?parent=4168"}],"curies":[{"name":"wp","href":"https:\/\/api.w.org\/{rel}","templated":true}]}}