{"id":615,"date":"2025-03-03T14:02:40","date_gmt":"2025-03-03T14:02:40","guid":{"rendered":"https:\/\/staging5.team99.it\/?page_id=615"},"modified":"2025-07-24T22:16:15","modified_gmt":"2025-07-24T20:16:15","slug":"travailler-avec-nous","status":"publish","type":"page","link":"https:\/\/capner.it\/dev\/travailler-avec-nous\/","title":{"rendered":"Travailler avec nous"},"content":{"rendered":"\n<div class=\"wp-block-cover is-style-cover-multiply pattern-intro\" style=\"min-height:100vh;aspect-ratio:unset;\"><img loading=\"lazy\" decoding=\"async\" width=\"1024\" height=\"682\" class=\"wp-block-cover__image-background wp-image-3499 size-large\" alt=\"\" src=\"https:\/\/capner.it\/dev\/wp-content\/uploads\/sites\/11\/2025\/07\/capner_sede_lussemburgo_team_Capner__R511278-1024x682.jpg\" data-object-fit=\"cover\" srcset=\"https:\/\/capner.it\/dev\/wp-content\/uploads\/sites\/11\/2025\/07\/capner_sede_lussemburgo_team_Capner__R511278-1024x682.jpg 1024w, https:\/\/capner.it\/dev\/wp-content\/uploads\/sites\/11\/2025\/07\/capner_sede_lussemburgo_team_Capner__R511278-300x200.jpg 300w, https:\/\/capner.it\/dev\/wp-content\/uploads\/sites\/11\/2025\/07\/capner_sede_lussemburgo_team_Capner__R511278-768x512.jpg 768w, https:\/\/capner.it\/dev\/wp-content\/uploads\/sites\/11\/2025\/07\/capner_sede_lussemburgo_team_Capner__R511278-1536x1024.jpg 1536w, https:\/\/capner.it\/dev\/wp-content\/uploads\/sites\/11\/2025\/07\/capner_sede_lussemburgo_team_Capner__R511278.jpg 2000w\" sizes=\"auto, (max-width: 1024px) 100vw, 1024px\" \/><span aria-hidden=\"true\" class=\"wp-block-cover__background has-custom-nero-background-color has-background-dim-60 has-background-dim\"><\/span><div class=\"wp-block-cover__inner-container has-global-padding is-layout-constrained wp-block-cover-is-layout-constrained\">\n<div class=\"wp-block-group has-global-padding is-content-justification-left is-layout-constrained wp-container-core-group-is-layout-5b3d42a2 wp-block-group-is-layout-constrained\">\n<h1 class=\"wp-block-heading has-titolo-giant-font-size\">Travailler avec nous<\/h1>\n\n\n\n<p class=\"has-titolo-grande-font-size\">Nous sommes \u00e0 la recherche de collaborateurs motiv\u00e9s, passionn\u00e9s par les \u00e9nergies renouvelables et pr\u00eats \u00e0 faire partie de notre \u00e9quipe de vente exclusive.<\/p>\n<\/div>\n<\/div><\/div>\n\n\n\n<div class=\"wp-block-group pattern-txt-img has-custom-quattro-background-color has-background is-layout-flow wp-block-group-is-layout-flow\" style=\"padding-top:0;padding-right:0;padding-bottom:0;padding-left:0\">\n<div class=\"wp-block-columns is-layout-flex wp-container-core-columns-is-layout-00d5f2ad wp-block-columns-is-layout-flex\">\n<div class=\"wp-block-column is-vertically-aligned-center has-global-padding is-layout-constrained wp-block-column-is-layout-constrained\" style=\"padding-top:60px;padding-bottom:60px;flex-basis:50%\">\n<div style=\"height:150px\" aria-hidden=\"true\" class=\"wp-block-spacer nascosto-mobile\"><\/div>\n\n\n\n<div class=\"wp-block-cover is-light\"><span aria-hidden=\"true\" class=\"wp-block-cover__background has-background-dim-0 has-background-dim\"><\/span><div class=\"wp-block-cover__inner-container has-global-padding is-layout-constrained wp-container-core-cover-is-layout-a099c240 wp-block-cover-is-layout-constrained\">\n<p class=\"has-pretitolo-font-size\" style=\"text-transform:uppercase\">REJOIGNEZ L&rsquo;\u00c9QUIPE<\/p>\n\n\n\n<h2 class=\"wp-block-heading has-titolo-grande-font-size\">Bienvenue sur la page <strong><mark style=\"background-color:rgba(0, 0, 0, 0)\" class=\"has-inline-color has-custom-uno-color\">Travailler avec nous <\/mark><\/strong>de Capner<\/h2>\n\n\n\n<p class=\"\">Remplissez le formulaire et d\u00e9crivez bri\u00e8vement votre exp\u00e9rience ou les raisons pour lesquelles vous souhaitez rejoindre notre \u00e9quipe. Notre \u00e9quipe \u00e9valuera votre poste et vous contactera si cela vous convient.<\/p>\n<\/div><\/div>\n\n\n\n<div style=\"height:150px\" aria-hidden=\"true\" class=\"wp-block-spacer nascosto-mobile\"><\/div>\n<\/div>\n\n\n\n<div class=\"wp-block-column is-vertically-aligned-stretch is-layout-flow wp-block-column-is-layout-flow\" style=\"flex-basis:50%;min-height:450px\">\n<div class=\"wp-block-cover is-light is-style-default\" style=\"min-height:100%;aspect-ratio:unset;\"><img loading=\"lazy\" decoding=\"async\" width=\"2000\" height=\"1333\" class=\"wp-block-cover__image-background wp-image-508\" alt=\"\" src=\"https:\/\/capner.it\/dev\/wp-content\/uploads\/sites\/11\/2025\/02\/capner_pannelli_solari_tetto.jpg\" data-object-fit=\"cover\" srcset=\"https:\/\/capner.it\/dev\/wp-content\/uploads\/sites\/11\/2025\/02\/capner_pannelli_solari_tetto.jpg 2000w, https:\/\/capner.it\/dev\/wp-content\/uploads\/sites\/11\/2025\/02\/capner_pannelli_solari_tetto-300x200.jpg 300w, https:\/\/capner.it\/dev\/wp-content\/uploads\/sites\/11\/2025\/02\/capner_pannelli_solari_tetto-1024x682.jpg 1024w, https:\/\/capner.it\/dev\/wp-content\/uploads\/sites\/11\/2025\/02\/capner_pannelli_solari_tetto-768x512.jpg 768w, https:\/\/capner.it\/dev\/wp-content\/uploads\/sites\/11\/2025\/02\/capner_pannelli_solari_tetto-1536x1024.jpg 1536w\" sizes=\"auto, (max-width: 2000px) 100vw, 2000px\" \/><span aria-hidden=\"true\" class=\"wp-block-cover__background has-custom-bianco-background-color has-background-dim-100 has-background-dim\"><\/span><div class=\"wp-block-cover__inner-container has-global-padding is-layout-constrained wp-block-cover-is-layout-constrained\">\n<p class=\"has-text-align-center has-large-font-size\"><\/p>\n\n\nVeuillez s\u00e9lectionner un formulaire valide<\/div><\/div>\n<\/div>\n<\/div>\n<\/div>\n","protected":false},"excerpt":{"rendered":"","protected":false},"author":2,"featured_media":0,"parent":0,"menu_order":0,"comment_status":"closed","ping_status":"closed","template":"","meta":{"_acf_changed":false,"footnotes":""},"class_list":["post-615","page","type-page","status-publish","hentry"],"yoast_head":"<!-- This site is optimized with the Yoast SEO plugin v27.5 - https:\/\/yoast.com\/product\/yoast-seo-wordpress\/ -->\n<title>Travailler avec nous - Capner BE<\/title>\n<meta name=\"robots\" content=\"noindex, follow, max-snippet:-1, max-image-preview:large, max-video-preview:-1\" \/>\n<meta property=\"og:locale\" content=\"fr_FR\" \/>\n<meta property=\"og:type\" content=\"article\" \/>\n<meta property=\"og:title\" content=\"Travailler avec nous - Capner BE\" \/>\n<meta property=\"og:url\" content=\"https:\/\/capner.it\/dev\/travailler-avec-nous\/\" \/>\n<meta property=\"og:site_name\" content=\"Capner BE\" \/>\n<meta property=\"article:modified_time\" content=\"2025-07-24T20:16:15+00:00\" \/>\n<meta property=\"og:image\" content=\"https:\/\/capner.it\/dev\/wp-content\/uploads\/sites\/11\/2025\/07\/capner_sede_lussemburgo_team_Capner__R511278-1024x682.jpg\" \/>\n<meta name=\"twitter:card\" content=\"summary_large_image\" \/>\n<meta name=\"twitter:label1\" content=\"Dur\u00e9e de lecture estim\u00e9e\" \/>\n\t<meta name=\"twitter:data1\" content=\"1 minute\" \/>\n<script type=\"application\/ld+json\" class=\"yoast-schema-graph\">{\"@context\":\"https:\\\/\\\/schema.org\",\"@graph\":[{\"@type\":\"WebPage\",\"@id\":\"https:\\\/\\\/capner.it\\\/dev\\\/travailler-avec-nous\\\/\",\"url\":\"https:\\\/\\\/capner.it\\\/dev\\\/travailler-avec-nous\\\/\",\"name\":\"Travailler avec nous - Capner BE\",\"isPartOf\":{\"@id\":\"https:\\\/\\\/capner.it\\\/dev\\\/#website\"},\"primaryImageOfPage\":{\"@id\":\"https:\\\/\\\/capner.it\\\/dev\\\/travailler-avec-nous\\\/#primaryimage\"},\"image\":{\"@id\":\"https:\\\/\\\/capner.it\\\/dev\\\/travailler-avec-nous\\\/#primaryimage\"},\"thumbnailUrl\":\"https:\\\/\\\/capner.it\\\/dev\\\/wp-content\\\/uploads\\\/sites\\\/11\\\/2025\\\/07\\\/capner_sede_lussemburgo_team_Capner__R511278-1024x682.jpg\",\"datePublished\":\"2025-03-03T14:02:40+00:00\",\"dateModified\":\"2025-07-24T20:16:15+00:00\",\"breadcrumb\":{\"@id\":\"https:\\\/\\\/capner.it\\\/dev\\\/travailler-avec-nous\\\/#breadcrumb\"},\"inLanguage\":\"fr-FR\",\"potentialAction\":[{\"@type\":\"ReadAction\",\"target\":[\"https:\\\/\\\/capner.it\\\/dev\\\/travailler-avec-nous\\\/\"]}]},{\"@type\":\"ImageObject\",\"inLanguage\":\"fr-FR\",\"@id\":\"https:\\\/\\\/capner.it\\\/dev\\\/travailler-avec-nous\\\/#primaryimage\",\"url\":\"https:\\\/\\\/capner.it\\\/dev\\\/wp-content\\\/uploads\\\/sites\\\/11\\\/2025\\\/07\\\/capner_sede_lussemburgo_team_Capner__R511278.jpg\",\"contentUrl\":\"https:\\\/\\\/capner.it\\\/dev\\\/wp-content\\\/uploads\\\/sites\\\/11\\\/2025\\\/07\\\/capner_sede_lussemburgo_team_Capner__R511278.jpg\",\"width\":2000,\"height\":1333},{\"@type\":\"BreadcrumbList\",\"@id\":\"https:\\\/\\\/capner.it\\\/dev\\\/travailler-avec-nous\\\/#breadcrumb\",\"itemListElement\":[{\"@type\":\"ListItem\",\"position\":1,\"name\":\"Home\",\"item\":\"https:\\\/\\\/capner.it\\\/dev\\\/\"},{\"@type\":\"ListItem\",\"position\":2,\"name\":\"Travailler avec nous\"}]},{\"@type\":\"WebSite\",\"@id\":\"https:\\\/\\\/capner.it\\\/dev\\\/#website\",\"url\":\"https:\\\/\\\/capner.it\\\/dev\\\/\",\"name\":\"Capner BE\",\"description\":\"A world of possibilities\",\"publisher\":{\"@id\":\"https:\\\/\\\/capner.it\\\/dev\\\/#organization\"},\"potentialAction\":[{\"@type\":\"SearchAction\",\"target\":{\"@type\":\"EntryPoint\",\"urlTemplate\":\"https:\\\/\\\/capner.it\\\/dev\\\/?s={search_term_string}\"},\"query-input\":{\"@type\":\"PropertyValueSpecification\",\"valueRequired\":true,\"valueName\":\"search_term_string\"}}],\"inLanguage\":\"fr-FR\"},{\"@type\":\"Organization\",\"@id\":\"https:\\\/\\\/capner.it\\\/dev\\\/#organization\",\"name\":\"Capner BE\",\"url\":\"https:\\\/\\\/capner.it\\\/dev\\\/\",\"logo\":{\"@type\":\"ImageObject\",\"inLanguage\":\"fr-FR\",\"@id\":\"https:\\\/\\\/capner.it\\\/dev\\\/#\\\/schema\\\/logo\\\/image\\\/\",\"url\":\"https:\\\/\\\/capner.it\\\/dev\\\/wp-content\\\/uploads\\\/sites\\\/11\\\/2025\\\/02\\\/capner-logo-svg.svg\",\"contentUrl\":\"https:\\\/\\\/capner.it\\\/dev\\\/wp-content\\\/uploads\\\/sites\\\/11\\\/2025\\\/02\\\/capner-logo-svg.svg\",\"caption\":\"Capner BE\"},\"image\":{\"@id\":\"https:\\\/\\\/capner.it\\\/dev\\\/#\\\/schema\\\/logo\\\/image\\\/\"}}]}<\/script>\n<!-- \/ Yoast SEO plugin. -->","yoast_head_json":{"title":"Travailler avec nous - Capner BE","robots":{"index":"noindex","follow":"follow","max-snippet":"max-snippet:-1","max-image-preview":"max-image-preview:large","max-video-preview":"max-video-preview:-1"},"og_locale":"fr_FR","og_type":"article","og_title":"Travailler avec nous - Capner BE","og_url":"https:\/\/capner.it\/dev\/travailler-avec-nous\/","og_site_name":"Capner BE","article_modified_time":"2025-07-24T20:16:15+00:00","og_image":[{"url":"https:\/\/capner.it\/dev\/wp-content\/uploads\/sites\/11\/2025\/07\/capner_sede_lussemburgo_team_Capner__R511278-1024x682.jpg","type":"","width":"","height":""}],"twitter_card":"summary_large_image","twitter_misc":{"Dur\u00e9e de lecture estim\u00e9e":"1 minute"},"schema":{"@context":"https:\/\/schema.org","@graph":[{"@type":"WebPage","@id":"https:\/\/capner.it\/dev\/travailler-avec-nous\/","url":"https:\/\/capner.it\/dev\/travailler-avec-nous\/","name":"Travailler avec nous - Capner BE","isPartOf":{"@id":"https:\/\/capner.it\/dev\/#website"},"primaryImageOfPage":{"@id":"https:\/\/capner.it\/dev\/travailler-avec-nous\/#primaryimage"},"image":{"@id":"https:\/\/capner.it\/dev\/travailler-avec-nous\/#primaryimage"},"thumbnailUrl":"https:\/\/capner.it\/dev\/wp-content\/uploads\/sites\/11\/2025\/07\/capner_sede_lussemburgo_team_Capner__R511278-1024x682.jpg","datePublished":"2025-03-03T14:02:40+00:00","dateModified":"2025-07-24T20:16:15+00:00","breadcrumb":{"@id":"https:\/\/capner.it\/dev\/travailler-avec-nous\/#breadcrumb"},"inLanguage":"fr-FR","potentialAction":[{"@type":"ReadAction","target":["https:\/\/capner.it\/dev\/travailler-avec-nous\/"]}]},{"@type":"ImageObject","inLanguage":"fr-FR","@id":"https:\/\/capner.it\/dev\/travailler-avec-nous\/#primaryimage","url":"https:\/\/capner.it\/dev\/wp-content\/uploads\/sites\/11\/2025\/07\/capner_sede_lussemburgo_team_Capner__R511278.jpg","contentUrl":"https:\/\/capner.it\/dev\/wp-content\/uploads\/sites\/11\/2025\/07\/capner_sede_lussemburgo_team_Capner__R511278.jpg","width":2000,"height":1333},{"@type":"BreadcrumbList","@id":"https:\/\/capner.it\/dev\/travailler-avec-nous\/#breadcrumb","itemListElement":[{"@type":"ListItem","position":1,"name":"Home","item":"https:\/\/capner.it\/dev\/"},{"@type":"ListItem","position":2,"name":"Travailler avec nous"}]},{"@type":"WebSite","@id":"https:\/\/capner.it\/dev\/#website","url":"https:\/\/capner.it\/dev\/","name":"Capner BE","description":"A world of possibilities","publisher":{"@id":"https:\/\/capner.it\/dev\/#organization"},"potentialAction":[{"@type":"SearchAction","target":{"@type":"EntryPoint","urlTemplate":"https:\/\/capner.it\/dev\/?s={search_term_string}"},"query-input":{"@type":"PropertyValueSpecification","valueRequired":true,"valueName":"search_term_string"}}],"inLanguage":"fr-FR"},{"@type":"Organization","@id":"https:\/\/capner.it\/dev\/#organization","name":"Capner BE","url":"https:\/\/capner.it\/dev\/","logo":{"@type":"ImageObject","inLanguage":"fr-FR","@id":"https:\/\/capner.it\/dev\/#\/schema\/logo\/image\/","url":"https:\/\/capner.it\/dev\/wp-content\/uploads\/sites\/11\/2025\/02\/capner-logo-svg.svg","contentUrl":"https:\/\/capner.it\/dev\/wp-content\/uploads\/sites\/11\/2025\/02\/capner-logo-svg.svg","caption":"Capner BE"},"image":{"@id":"https:\/\/capner.it\/dev\/#\/schema\/logo\/image\/"}}]}},"acf":[],"_links":{"self":[{"href":"https:\/\/capner.it\/dev\/wp-json\/wp\/v2\/pages\/615","targetHints":{"allow":["GET"]}}],"collection":[{"href":"https:\/\/capner.it\/dev\/wp-json\/wp\/v2\/pages"}],"about":[{"href":"https:\/\/capner.it\/dev\/wp-json\/wp\/v2\/types\/page"}],"author":[{"embeddable":true,"href":"https:\/\/capner.it\/dev\/wp-json\/wp\/v2\/users\/2"}],"replies":[{"embeddable":true,"href":"https:\/\/capner.it\/dev\/wp-json\/wp\/v2\/comments?post=615"}],"version-history":[{"count":14,"href":"https:\/\/capner.it\/dev\/wp-json\/wp\/v2\/pages\/615\/revisions"}],"predecessor-version":[{"id":4008,"href":"https:\/\/capner.it\/dev\/wp-json\/wp\/v2\/pages\/615\/revisions\/4008"}],"wp:attachment":[{"href":"https:\/\/capner.it\/dev\/wp-json\/wp\/v2\/media?parent=615"}],"curies":[{"name":"wp","href":"https:\/\/api.w.org\/{rel}","templated":true}]}}