{"id":1962,"date":"2025-05-20T15:30:30","date_gmt":"2025-05-20T15:30:30","guid":{"rendered":"https:\/\/staging4.team99.it\/product\/liberty-10-0\/"},"modified":"2025-09-05T17:21:05","modified_gmt":"2025-09-05T15:21:05","slug":"liberty-10-0","status":"publish","type":"product","link":"https:\/\/capner.it\/dev\/product\/liberty-10-0\/","title":{"rendered":"LIBERTY 10.0"},"content":{"rendered":"\n<h3 class=\"wp-block-heading has-titolo-sezione-font-size\">Une puissance de <strong>stockage flexible<\/strong><\/h3>\n\n\n\n<p class=\"\">Liberty 10.0 est une technologie de pointe pour des capacit\u00e9s de production et de stockage cons\u00e9quentes.<br>Ce syst\u00e8me s\u2019adapte parfaitement aux besoins \u00e9nerg\u00e9tiques pour les particuliers et les PME, immeubles de rapport, industries, commerces.<br>Gr\u00e2ce \u00e0 sa conception modulaire et \u00e0 son syst\u00e8me de gestion int\u00e9gr\u00e9, Liberty 10.0 vous permet de connecter jusqu\u2019\u00e0 8 unit\u00e9s ind\u00e9pendantes de 5 KWh.<br>Gr\u00e2ce \u00e0 ses cellules de stockage empilables et sans c\u00e2blage, Liberty 10.0 vous offre \u00e0 la fois un design ergonomique et une capacit\u00e9 \u00e9volutive d\u2019autoconsommation sans alt\u00e9rer votre budget! Une flexibilit\u00e9 \u00e9tonnante, avec la possibilit\u00e9 d\u2019avoir jusqu\u2019\u00e0 8 unit\u00e9s de 5 KWh en parall\u00e8le pour une puissance totale stock\u00e9e de 40 KWh (d\u2019autres configurations sont disponibles sur demande).<\/p>\n\n\n\n<div style=\"height:50px\" aria-hidden=\"true\" class=\"wp-block-spacer\"><\/div>\n\n\n\n<div class=\"wp-block-columns pattern-galleria-prodotto is-layout-flex wp-container-core-columns-is-layout-fef0e728 wp-block-columns-is-layout-flex\">\n<div class=\"wp-block-column is-layout-flow wp-container-core-column-is-layout-e3d1c41b wp-block-column-is-layout-flow\">\n<figure data-wp-context=\"{&quot;imageId&quot;:&quot;69f2abe7b7d7c&quot;}\" data-wp-interactive=\"core\/image\" class=\"wp-block-image size-large wp-lightbox-container\"><img loading=\"lazy\" decoding=\"async\" width=\"1024\" height=\"1024\" data-wp-class--hide=\"state.isContentHidden\" data-wp-class--show=\"state.isContentVisible\" data-wp-init=\"callbacks.setButtonStyles\" data-wp-on-async--click=\"actions.showLightbox\" data-wp-on-async--load=\"callbacks.setButtonStyles\" data-wp-on-async-window--resize=\"callbacks.setButtonStyles\" src=\"https:\/\/capner.it\/dev\/wp-content\/uploads\/sites\/11\/2025\/05\/capner_liberty_10_cover_nero-6-1024x1024.jpg\" alt=\"\" class=\"wp-image-2731\" srcset=\"https:\/\/capner.it\/dev\/wp-content\/uploads\/sites\/11\/2025\/05\/capner_liberty_10_cover_nero-6-1024x1024.jpg 1024w, https:\/\/capner.it\/dev\/wp-content\/uploads\/sites\/11\/2025\/05\/capner_liberty_10_cover_nero-6-300x300.jpg 300w, https:\/\/capner.it\/dev\/wp-content\/uploads\/sites\/11\/2025\/05\/capner_liberty_10_cover_nero-6-150x150.jpg 150w, https:\/\/capner.it\/dev\/wp-content\/uploads\/sites\/11\/2025\/05\/capner_liberty_10_cover_nero-6-768x768.jpg 768w, https:\/\/capner.it\/dev\/wp-content\/uploads\/sites\/11\/2025\/05\/capner_liberty_10_cover_nero-6.jpg 1500w\" sizes=\"auto, (max-width: 1024px) 100vw, 1024px\" \/><button\n\t\t\tclass=\"lightbox-trigger\"\n\t\t\ttype=\"button\"\n\t\t\taria-haspopup=\"dialog\"\n\t\t\taria-label=\"Agrandir\"\n\t\t\tdata-wp-init=\"callbacks.initTriggerButton\"\n\t\t\tdata-wp-on-async--click=\"actions.showLightbox\"\n\t\t\tdata-wp-style--right=\"state.imageButtonRight\"\n\t\t\tdata-wp-style--top=\"state.imageButtonTop\"\n\t\t>\n\t\t\t<svg xmlns=\"http:\/\/www.w3.org\/2000\/svg\" width=\"12\" height=\"12\" fill=\"none\" viewBox=\"0 0 12 12\">\n\t\t\t\t<path fill=\"#fff\" d=\"M2 0a2 2 0 0 0-2 2v2h1.5V2a.5.5 0 0 1 .5-.5h2V0H2Zm2 10.5H2a.5.5 0 0 1-.5-.5V8H0v2a2 2 0 0 0 2 2h2v-1.5ZM8 12v-1.5h2a.5.5 0 0 0 .5-.5V8H12v2a2 2 0 0 1-2 2H8Zm2-12a2 2 0 0 1 2 2v2h-1.5V2a.5.5 0 0 0-.5-.5H8V0h2Z\" \/>\n\t\t\t<\/svg>\n\t\t<\/button><\/figure>\n\n\n\n<figure data-wp-context=\"{&quot;imageId&quot;:&quot;69f2abe7b846f&quot;}\" data-wp-interactive=\"core\/image\" class=\"wp-block-image size-large wp-lightbox-container\"><img loading=\"lazy\" decoding=\"async\" width=\"683\" height=\"1024\" data-wp-class--hide=\"state.isContentHidden\" data-wp-class--show=\"state.isContentVisible\" data-wp-init=\"callbacks.setButtonStyles\" data-wp-on-async--click=\"actions.showLightbox\" data-wp-on-async--load=\"callbacks.setButtonStyles\" data-wp-on-async-window--resize=\"callbacks.setButtonStyles\" src=\"https:\/\/capner.it\/dev\/wp-content\/uploads\/sites\/11\/2025\/05\/capner_foto_prodotto_Liberty-10.0_nero_02-683x1024.jpg\" alt=\"\" class=\"wp-image-2737\" srcset=\"https:\/\/capner.it\/dev\/wp-content\/uploads\/sites\/11\/2025\/05\/capner_foto_prodotto_Liberty-10.0_nero_02-683x1024.jpg 683w, https:\/\/capner.it\/dev\/wp-content\/uploads\/sites\/11\/2025\/05\/capner_foto_prodotto_Liberty-10.0_nero_02-200x300.jpg 200w, https:\/\/capner.it\/dev\/wp-content\/uploads\/sites\/11\/2025\/05\/capner_foto_prodotto_Liberty-10.0_nero_02-768x1152.jpg 768w, https:\/\/capner.it\/dev\/wp-content\/uploads\/sites\/11\/2025\/05\/capner_foto_prodotto_Liberty-10.0_nero_02.jpg 800w\" sizes=\"auto, (max-width: 683px) 100vw, 683px\" \/><button\n\t\t\tclass=\"lightbox-trigger\"\n\t\t\ttype=\"button\"\n\t\t\taria-haspopup=\"dialog\"\n\t\t\taria-label=\"Agrandir\"\n\t\t\tdata-wp-init=\"callbacks.initTriggerButton\"\n\t\t\tdata-wp-on-async--click=\"actions.showLightbox\"\n\t\t\tdata-wp-style--right=\"state.imageButtonRight\"\n\t\t\tdata-wp-style--top=\"state.imageButtonTop\"\n\t\t>\n\t\t\t<svg xmlns=\"http:\/\/www.w3.org\/2000\/svg\" width=\"12\" height=\"12\" fill=\"none\" viewBox=\"0 0 12 12\">\n\t\t\t\t<path fill=\"#fff\" d=\"M2 0a2 2 0 0 0-2 2v2h1.5V2a.5.5 0 0 1 .5-.5h2V0H2Zm2 10.5H2a.5.5 0 0 1-.5-.5V8H0v2a2 2 0 0 0 2 2h2v-1.5ZM8 12v-1.5h2a.5.5 0 0 0 .5-.5V8H12v2a2 2 0 0 1-2 2H8Zm2-12a2 2 0 0 1 2 2v2h-1.5V2a.5.5 0 0 0-.5-.5H8V0h2Z\" \/>\n\t\t\t<\/svg>\n\t\t<\/button><\/figure>\n<\/div>\n\n\n\n<div class=\"wp-block-column is-layout-flow wp-container-core-column-is-layout-e3d1c41b wp-block-column-is-layout-flow\">\n<figure data-wp-context=\"{&quot;imageId&quot;:&quot;69f2abe7b9d53&quot;}\" data-wp-interactive=\"core\/image\" class=\"wp-block-image size-large wp-lightbox-container\"><img loading=\"lazy\" decoding=\"async\" width=\"683\" height=\"1024\" data-wp-class--hide=\"state.isContentHidden\" data-wp-class--show=\"state.isContentVisible\" data-wp-init=\"callbacks.setButtonStyles\" data-wp-on-async--click=\"actions.showLightbox\" data-wp-on-async--load=\"callbacks.setButtonStyles\" data-wp-on-async-window--resize=\"callbacks.setButtonStyles\" src=\"https:\/\/capner.it\/dev\/wp-content\/uploads\/sites\/11\/2025\/05\/capner_foto_prodotto_Liberty-10.0_nero_01-683x1024.jpg\" alt=\"\" class=\"wp-image-2735\" srcset=\"https:\/\/capner.it\/dev\/wp-content\/uploads\/sites\/11\/2025\/05\/capner_foto_prodotto_Liberty-10.0_nero_01-683x1024.jpg 683w, https:\/\/capner.it\/dev\/wp-content\/uploads\/sites\/11\/2025\/05\/capner_foto_prodotto_Liberty-10.0_nero_01-200x300.jpg 200w, https:\/\/capner.it\/dev\/wp-content\/uploads\/sites\/11\/2025\/05\/capner_foto_prodotto_Liberty-10.0_nero_01-768x1152.jpg 768w, https:\/\/capner.it\/dev\/wp-content\/uploads\/sites\/11\/2025\/05\/capner_foto_prodotto_Liberty-10.0_nero_01.jpg 800w\" sizes=\"auto, (max-width: 683px) 100vw, 683px\" \/><button\n\t\t\tclass=\"lightbox-trigger\"\n\t\t\ttype=\"button\"\n\t\t\taria-haspopup=\"dialog\"\n\t\t\taria-label=\"Agrandir\"\n\t\t\tdata-wp-init=\"callbacks.initTriggerButton\"\n\t\t\tdata-wp-on-async--click=\"actions.showLightbox\"\n\t\t\tdata-wp-style--right=\"state.imageButtonRight\"\n\t\t\tdata-wp-style--top=\"state.imageButtonTop\"\n\t\t>\n\t\t\t<svg xmlns=\"http:\/\/www.w3.org\/2000\/svg\" width=\"12\" height=\"12\" fill=\"none\" viewBox=\"0 0 12 12\">\n\t\t\t\t<path fill=\"#fff\" d=\"M2 0a2 2 0 0 0-2 2v2h1.5V2a.5.5 0 0 1 .5-.5h2V0H2Zm2 10.5H2a.5.5 0 0 1-.5-.5V8H0v2a2 2 0 0 0 2 2h2v-1.5ZM8 12v-1.5h2a.5.5 0 0 0 .5-.5V8H12v2a2 2 0 0 1-2 2H8Zm2-12a2 2 0 0 1 2 2v2h-1.5V2a.5.5 0 0 0-.5-.5H8V0h2Z\" \/>\n\t\t\t<\/svg>\n\t\t<\/button><\/figure>\n\n\n\n<figure data-wp-context=\"{&quot;imageId&quot;:&quot;69f2abe7ba9dc&quot;}\" data-wp-interactive=\"core\/image\" class=\"wp-block-image size-full wp-lightbox-container\"><img loading=\"lazy\" decoding=\"async\" width=\"1920\" height=\"1920\" data-wp-class--hide=\"state.isContentHidden\" data-wp-class--show=\"state.isContentVisible\" data-wp-init=\"callbacks.setButtonStyles\" data-wp-on-async--click=\"actions.showLightbox\" data-wp-on-async--load=\"callbacks.setButtonStyles\" data-wp-on-async-window--resize=\"callbacks.setButtonStyles\" src=\"https:\/\/capner.it\/dev\/wp-content\/uploads\/sites\/11\/2025\/06\/Screenshot-2025-05-15-alle-14.26.12.jpg\" alt=\"\" class=\"wp-image-2643\" srcset=\"https:\/\/capner.it\/dev\/wp-content\/uploads\/sites\/11\/2025\/06\/Screenshot-2025-05-15-alle-14.26.12.jpg 1920w, https:\/\/capner.it\/dev\/wp-content\/uploads\/sites\/11\/2025\/06\/Screenshot-2025-05-15-alle-14.26.12-300x300.jpg 300w, https:\/\/capner.it\/dev\/wp-content\/uploads\/sites\/11\/2025\/06\/Screenshot-2025-05-15-alle-14.26.12-1024x1024.jpg 1024w, https:\/\/capner.it\/dev\/wp-content\/uploads\/sites\/11\/2025\/06\/Screenshot-2025-05-15-alle-14.26.12-150x150.jpg 150w, https:\/\/capner.it\/dev\/wp-content\/uploads\/sites\/11\/2025\/06\/Screenshot-2025-05-15-alle-14.26.12-768x768.jpg 768w, https:\/\/capner.it\/dev\/wp-content\/uploads\/sites\/11\/2025\/06\/Screenshot-2025-05-15-alle-14.26.12-1536x1536.jpg 1536w\" sizes=\"auto, (max-width: 1920px) 100vw, 1920px\" \/><button\n\t\t\tclass=\"lightbox-trigger\"\n\t\t\ttype=\"button\"\n\t\t\taria-haspopup=\"dialog\"\n\t\t\taria-label=\"Agrandir\"\n\t\t\tdata-wp-init=\"callbacks.initTriggerButton\"\n\t\t\tdata-wp-on-async--click=\"actions.showLightbox\"\n\t\t\tdata-wp-style--right=\"state.imageButtonRight\"\n\t\t\tdata-wp-style--top=\"state.imageButtonTop\"\n\t\t>\n\t\t\t<svg xmlns=\"http:\/\/www.w3.org\/2000\/svg\" width=\"12\" height=\"12\" fill=\"none\" viewBox=\"0 0 12 12\">\n\t\t\t\t<path fill=\"#fff\" d=\"M2 0a2 2 0 0 0-2 2v2h1.5V2a.5.5 0 0 1 .5-.5h2V0H2Zm2 10.5H2a.5.5 0 0 1-.5-.5V8H0v2a2 2 0 0 0 2 2h2v-1.5ZM8 12v-1.5h2a.5.5 0 0 0 .5-.5V8H12v2a2 2 0 0 1-2 2H8Zm2-12a2 2 0 0 1 2 2v2h-1.5V2a.5.5 0 0 0-.5-.5H8V0h2Z\" \/>\n\t\t\t<\/svg>\n\t\t<\/button><\/figure>\n<\/div>\n<\/div>\n","protected":false},"excerpt":{"rendered":"<p>Syst\u00e8me de stockage extensible pour entreprises et commerces.<\/p>\n","protected":false},"featured_media":2676,"template":"","tipo-prodotto":[20],"class_list":["post-1962","product","type-product","status-publish","has-post-thumbnail","hentry","tipo-prodotto-station"],"yoast_head":"<!-- This site is optimized with the Yoast SEO plugin v27.5 - https:\/\/yoast.com\/product\/yoast-seo-wordpress\/ -->\n<title>LIBERTY 10.0 - Capner BE<\/title>\n<meta name=\"robots\" content=\"noindex, follow, max-snippet:-1, max-image-preview:large, max-video-preview:-1\" \/>\n<meta property=\"og:locale\" content=\"fr_FR\" \/>\n<meta property=\"og:type\" content=\"article\" \/>\n<meta property=\"og:title\" content=\"LIBERTY 10.0 - Capner BE\" \/>\n<meta property=\"og:description\" content=\"Syst\u00e8me de stockage extensible pour entreprises et commerces.\" \/>\n<meta property=\"og:url\" content=\"https:\/\/capner.it\/dev\/product\/liberty-10-0\/\" \/>\n<meta property=\"og:site_name\" content=\"Capner BE\" \/>\n<meta property=\"article:modified_time\" content=\"2025-09-05T15:21:05+00:00\" \/>\n<meta property=\"og:image\" content=\"https:\/\/capner.it\/dev\/wp-content\/uploads\/sites\/11\/2025\/05\/liberty_10.0_nero.png\" \/>\n\t<meta property=\"og:image:width\" content=\"610\" \/>\n\t<meta property=\"og:image:height\" content=\"916\" \/>\n\t<meta property=\"og:image:type\" content=\"image\/png\" \/>\n<meta name=\"twitter:card\" content=\"summary_large_image\" \/>\n<meta name=\"twitter:label1\" content=\"Dur\u00e9e de lecture estim\u00e9e\" \/>\n\t<meta name=\"twitter:data1\" content=\"2 minutes\" \/>\n<script type=\"application\/ld+json\" class=\"yoast-schema-graph\">{\"@context\":\"https:\\\/\\\/schema.org\",\"@graph\":[{\"@type\":\"WebPage\",\"@id\":\"https:\\\/\\\/capner.it\\\/dev\\\/product\\\/liberty-10-0\\\/\",\"url\":\"https:\\\/\\\/capner.it\\\/dev\\\/product\\\/liberty-10-0\\\/\",\"name\":\"LIBERTY 10.0 - Capner BE\",\"isPartOf\":{\"@id\":\"https:\\\/\\\/capner.it\\\/dev\\\/#website\"},\"primaryImageOfPage\":{\"@id\":\"https:\\\/\\\/capner.it\\\/dev\\\/product\\\/liberty-10-0\\\/#primaryimage\"},\"image\":{\"@id\":\"https:\\\/\\\/capner.it\\\/dev\\\/product\\\/liberty-10-0\\\/#primaryimage\"},\"thumbnailUrl\":\"https:\\\/\\\/capner.it\\\/dev\\\/wp-content\\\/uploads\\\/sites\\\/11\\\/2025\\\/05\\\/liberty_10.0_nero.png\",\"datePublished\":\"2025-05-20T15:30:30+00:00\",\"dateModified\":\"2025-09-05T15:21:05+00:00\",\"breadcrumb\":{\"@id\":\"https:\\\/\\\/capner.it\\\/dev\\\/product\\\/liberty-10-0\\\/#breadcrumb\"},\"inLanguage\":\"fr-FR\",\"potentialAction\":[{\"@type\":\"ReadAction\",\"target\":[\"https:\\\/\\\/capner.it\\\/dev\\\/product\\\/liberty-10-0\\\/\"]}]},{\"@type\":\"ImageObject\",\"inLanguage\":\"fr-FR\",\"@id\":\"https:\\\/\\\/capner.it\\\/dev\\\/product\\\/liberty-10-0\\\/#primaryimage\",\"url\":\"https:\\\/\\\/capner.it\\\/dev\\\/wp-content\\\/uploads\\\/sites\\\/11\\\/2025\\\/05\\\/liberty_10.0_nero.png\",\"contentUrl\":\"https:\\\/\\\/capner.it\\\/dev\\\/wp-content\\\/uploads\\\/sites\\\/11\\\/2025\\\/05\\\/liberty_10.0_nero.png\",\"width\":610,\"height\":916},{\"@type\":\"BreadcrumbList\",\"@id\":\"https:\\\/\\\/capner.it\\\/dev\\\/product\\\/liberty-10-0\\\/#breadcrumb\",\"itemListElement\":[{\"@type\":\"ListItem\",\"position\":1,\"name\":\"Home\",\"item\":\"https:\\\/\\\/capner.it\\\/dev\\\/\"},{\"@type\":\"ListItem\",\"position\":2,\"name\":\"LIBERTY 10.0\"}]},{\"@type\":\"WebSite\",\"@id\":\"https:\\\/\\\/capner.it\\\/dev\\\/#website\",\"url\":\"https:\\\/\\\/capner.it\\\/dev\\\/\",\"name\":\"Capner BE\",\"description\":\"A world of possibilities\",\"publisher\":{\"@id\":\"https:\\\/\\\/capner.it\\\/dev\\\/#organization\"},\"potentialAction\":[{\"@type\":\"SearchAction\",\"target\":{\"@type\":\"EntryPoint\",\"urlTemplate\":\"https:\\\/\\\/capner.it\\\/dev\\\/?s={search_term_string}\"},\"query-input\":{\"@type\":\"PropertyValueSpecification\",\"valueRequired\":true,\"valueName\":\"search_term_string\"}}],\"inLanguage\":\"fr-FR\"},{\"@type\":\"Organization\",\"@id\":\"https:\\\/\\\/capner.it\\\/dev\\\/#organization\",\"name\":\"Capner BE\",\"url\":\"https:\\\/\\\/capner.it\\\/dev\\\/\",\"logo\":{\"@type\":\"ImageObject\",\"inLanguage\":\"fr-FR\",\"@id\":\"https:\\\/\\\/capner.it\\\/dev\\\/#\\\/schema\\\/logo\\\/image\\\/\",\"url\":\"https:\\\/\\\/capner.it\\\/dev\\\/wp-content\\\/uploads\\\/sites\\\/11\\\/2025\\\/02\\\/capner-logo-svg.svg\",\"contentUrl\":\"https:\\\/\\\/capner.it\\\/dev\\\/wp-content\\\/uploads\\\/sites\\\/11\\\/2025\\\/02\\\/capner-logo-svg.svg\",\"caption\":\"Capner BE\"},\"image\":{\"@id\":\"https:\\\/\\\/capner.it\\\/dev\\\/#\\\/schema\\\/logo\\\/image\\\/\"}}]}<\/script>\n<!-- \/ Yoast SEO plugin. -->","yoast_head_json":{"title":"LIBERTY 10.0 - Capner BE","robots":{"index":"noindex","follow":"follow","max-snippet":"max-snippet:-1","max-image-preview":"max-image-preview:large","max-video-preview":"max-video-preview:-1"},"og_locale":"fr_FR","og_type":"article","og_title":"LIBERTY 10.0 - Capner BE","og_description":"Syst\u00e8me de stockage extensible pour entreprises et commerces.","og_url":"https:\/\/capner.it\/dev\/product\/liberty-10-0\/","og_site_name":"Capner BE","article_modified_time":"2025-09-05T15:21:05+00:00","og_image":[{"width":610,"height":916,"url":"https:\/\/capner.it\/dev\/wp-content\/uploads\/sites\/11\/2025\/05\/liberty_10.0_nero.png","type":"image\/png"}],"twitter_card":"summary_large_image","twitter_misc":{"Dur\u00e9e de lecture estim\u00e9e":"2 minutes"},"schema":{"@context":"https:\/\/schema.org","@graph":[{"@type":"WebPage","@id":"https:\/\/capner.it\/dev\/product\/liberty-10-0\/","url":"https:\/\/capner.it\/dev\/product\/liberty-10-0\/","name":"LIBERTY 10.0 - Capner BE","isPartOf":{"@id":"https:\/\/capner.it\/dev\/#website"},"primaryImageOfPage":{"@id":"https:\/\/capner.it\/dev\/product\/liberty-10-0\/#primaryimage"},"image":{"@id":"https:\/\/capner.it\/dev\/product\/liberty-10-0\/#primaryimage"},"thumbnailUrl":"https:\/\/capner.it\/dev\/wp-content\/uploads\/sites\/11\/2025\/05\/liberty_10.0_nero.png","datePublished":"2025-05-20T15:30:30+00:00","dateModified":"2025-09-05T15:21:05+00:00","breadcrumb":{"@id":"https:\/\/capner.it\/dev\/product\/liberty-10-0\/#breadcrumb"},"inLanguage":"fr-FR","potentialAction":[{"@type":"ReadAction","target":["https:\/\/capner.it\/dev\/product\/liberty-10-0\/"]}]},{"@type":"ImageObject","inLanguage":"fr-FR","@id":"https:\/\/capner.it\/dev\/product\/liberty-10-0\/#primaryimage","url":"https:\/\/capner.it\/dev\/wp-content\/uploads\/sites\/11\/2025\/05\/liberty_10.0_nero.png","contentUrl":"https:\/\/capner.it\/dev\/wp-content\/uploads\/sites\/11\/2025\/05\/liberty_10.0_nero.png","width":610,"height":916},{"@type":"BreadcrumbList","@id":"https:\/\/capner.it\/dev\/product\/liberty-10-0\/#breadcrumb","itemListElement":[{"@type":"ListItem","position":1,"name":"Home","item":"https:\/\/capner.it\/dev\/"},{"@type":"ListItem","position":2,"name":"LIBERTY 10.0"}]},{"@type":"WebSite","@id":"https:\/\/capner.it\/dev\/#website","url":"https:\/\/capner.it\/dev\/","name":"Capner BE","description":"A world of possibilities","publisher":{"@id":"https:\/\/capner.it\/dev\/#organization"},"potentialAction":[{"@type":"SearchAction","target":{"@type":"EntryPoint","urlTemplate":"https:\/\/capner.it\/dev\/?s={search_term_string}"},"query-input":{"@type":"PropertyValueSpecification","valueRequired":true,"valueName":"search_term_string"}}],"inLanguage":"fr-FR"},{"@type":"Organization","@id":"https:\/\/capner.it\/dev\/#organization","name":"Capner BE","url":"https:\/\/capner.it\/dev\/","logo":{"@type":"ImageObject","inLanguage":"fr-FR","@id":"https:\/\/capner.it\/dev\/#\/schema\/logo\/image\/","url":"https:\/\/capner.it\/dev\/wp-content\/uploads\/sites\/11\/2025\/02\/capner-logo-svg.svg","contentUrl":"https:\/\/capner.it\/dev\/wp-content\/uploads\/sites\/11\/2025\/02\/capner-logo-svg.svg","caption":"Capner BE"},"image":{"@id":"https:\/\/capner.it\/dev\/#\/schema\/logo\/image\/"}}]}},"acf":{"pdf_brochure":4126,"tipo_prodotto":"","img_prod":2889},"_links":{"self":[{"href":"https:\/\/capner.it\/dev\/wp-json\/wp\/v2\/product\/1962","targetHints":{"allow":["GET"]}}],"collection":[{"href":"https:\/\/capner.it\/dev\/wp-json\/wp\/v2\/product"}],"about":[{"href":"https:\/\/capner.it\/dev\/wp-json\/wp\/v2\/types\/product"}],"wp:featuredmedia":[{"embeddable":true,"href":"https:\/\/capner.it\/dev\/wp-json\/wp\/v2\/media\/2676"}],"wp:attachment":[{"href":"https:\/\/capner.it\/dev\/wp-json\/wp\/v2\/media?parent=1962"}],"wp:term":[{"taxonomy":"tipo-prodotto","embeddable":true,"href":"https:\/\/capner.it\/dev\/wp-json\/wp\/v2\/tipo-prodotto?post=1962"}],"curies":[{"name":"wp","href":"https:\/\/api.w.org\/{rel}","templated":true}]}}