{"id":1976,"date":"2025-05-20T15:30:30","date_gmt":"2025-05-20T15:30:30","guid":{"rendered":"https:\/\/staging4.team99.it\/product\/panneaux-photovoltaiques\/"},"modified":"2025-09-10T11:52:39","modified_gmt":"2025-09-10T09:52:39","slug":"panneaux-photovoltaiques","status":"publish","type":"product","link":"https:\/\/capner.it\/dev\/product\/panneaux-photovoltaiques\/","title":{"rendered":"Panneaux photovolta\u00efques"},"content":{"rendered":"\n<h2 class=\"wp-block-heading has-titolo-sezione-font-size\">455wc<br><br><\/h2>\n\n\n\n<p class=\"\">Extra Full Black NEW g\u00e9n\u00e9ration, avec cellules ABC les plus performantes du march\u00e9<br><strong>Diodes BYpass :<\/strong> gestion de l\u2019ombrage<\/p>\n\n\n\n<p class=\"\"><strong>GARANTIE PRODUITS<\/strong>: 25 ANS<br><strong>GARANTIE PRODUCTION: <\/strong>30 ANS<\/p>\n\n\n\n<p class=\"\"><\/p>\n","protected":false},"excerpt":{"rendered":"<p>Haut rendement et int\u00e9gration architecturale parfaite.<\/p>\n","protected":false},"featured_media":3540,"template":"","tipo-prodotto":[21],"class_list":["post-1976","product","type-product","status-publish","has-post-thumbnail","hentry","tipo-prodotto-panneaux"],"yoast_head":"<!-- This site is optimized with the Yoast SEO plugin v27.5 - https:\/\/yoast.com\/product\/yoast-seo-wordpress\/ -->\n<title>Panneaux photovolta\u00efques - Capner BE<\/title>\n<meta name=\"robots\" content=\"noindex, follow, max-snippet:-1, max-image-preview:large, max-video-preview:-1\" \/>\n<meta property=\"og:locale\" content=\"fr_FR\" \/>\n<meta property=\"og:type\" content=\"article\" \/>\n<meta property=\"og:title\" content=\"Panneaux photovolta\u00efques - Capner BE\" \/>\n<meta property=\"og:description\" content=\"Haut rendement et int\u00e9gration architecturale parfaite.\" \/>\n<meta property=\"og:url\" content=\"https:\/\/capner.it\/dev\/product\/panneaux-photovoltaiques\/\" \/>\n<meta property=\"og:site_name\" content=\"Capner BE\" \/>\n<meta property=\"article:modified_time\" content=\"2025-09-10T09:52:39+00:00\" \/>\n<meta property=\"og:image\" content=\"https:\/\/capner.it\/dev\/wp-content\/uploads\/sites\/11\/2025\/05\/pannello_fotovoltaico_nero_def.png\" \/>\n\t<meta property=\"og:image:width\" content=\"1299\" \/>\n\t<meta property=\"og:image:height\" content=\"1500\" \/>\n\t<meta property=\"og:image:type\" content=\"image\/png\" \/>\n<meta name=\"twitter:card\" content=\"summary_large_image\" \/>\n<meta name=\"twitter:label1\" content=\"Dur\u00e9e de lecture estim\u00e9e\" \/>\n\t<meta name=\"twitter:data1\" content=\"1 minute\" \/>\n<script type=\"application\/ld+json\" class=\"yoast-schema-graph\">{\"@context\":\"https:\\\/\\\/schema.org\",\"@graph\":[{\"@type\":\"WebPage\",\"@id\":\"https:\\\/\\\/capner.it\\\/dev\\\/product\\\/panneaux-photovoltaiques\\\/\",\"url\":\"https:\\\/\\\/capner.it\\\/dev\\\/product\\\/panneaux-photovoltaiques\\\/\",\"name\":\"Panneaux photovolta\u00efques - Capner BE\",\"isPartOf\":{\"@id\":\"https:\\\/\\\/capner.it\\\/dev\\\/#website\"},\"primaryImageOfPage\":{\"@id\":\"https:\\\/\\\/capner.it\\\/dev\\\/product\\\/panneaux-photovoltaiques\\\/#primaryimage\"},\"image\":{\"@id\":\"https:\\\/\\\/capner.it\\\/dev\\\/product\\\/panneaux-photovoltaiques\\\/#primaryimage\"},\"thumbnailUrl\":\"https:\\\/\\\/capner.it\\\/dev\\\/wp-content\\\/uploads\\\/sites\\\/11\\\/2025\\\/05\\\/pannello_fotovoltaico_nero_def.png\",\"datePublished\":\"2025-05-20T15:30:30+00:00\",\"dateModified\":\"2025-09-10T09:52:39+00:00\",\"breadcrumb\":{\"@id\":\"https:\\\/\\\/capner.it\\\/dev\\\/product\\\/panneaux-photovoltaiques\\\/#breadcrumb\"},\"inLanguage\":\"fr-FR\",\"potentialAction\":[{\"@type\":\"ReadAction\",\"target\":[\"https:\\\/\\\/capner.it\\\/dev\\\/product\\\/panneaux-photovoltaiques\\\/\"]}]},{\"@type\":\"ImageObject\",\"inLanguage\":\"fr-FR\",\"@id\":\"https:\\\/\\\/capner.it\\\/dev\\\/product\\\/panneaux-photovoltaiques\\\/#primaryimage\",\"url\":\"https:\\\/\\\/capner.it\\\/dev\\\/wp-content\\\/uploads\\\/sites\\\/11\\\/2025\\\/05\\\/pannello_fotovoltaico_nero_def.png\",\"contentUrl\":\"https:\\\/\\\/capner.it\\\/dev\\\/wp-content\\\/uploads\\\/sites\\\/11\\\/2025\\\/05\\\/pannello_fotovoltaico_nero_def.png\",\"width\":1299,\"height\":1500},{\"@type\":\"BreadcrumbList\",\"@id\":\"https:\\\/\\\/capner.it\\\/dev\\\/product\\\/panneaux-photovoltaiques\\\/#breadcrumb\",\"itemListElement\":[{\"@type\":\"ListItem\",\"position\":1,\"name\":\"Home\",\"item\":\"https:\\\/\\\/capner.it\\\/dev\\\/\"},{\"@type\":\"ListItem\",\"position\":2,\"name\":\"Panneaux photovolta\u00efques\"}]},{\"@type\":\"WebSite\",\"@id\":\"https:\\\/\\\/capner.it\\\/dev\\\/#website\",\"url\":\"https:\\\/\\\/capner.it\\\/dev\\\/\",\"name\":\"Capner BE\",\"description\":\"A world of possibilities\",\"publisher\":{\"@id\":\"https:\\\/\\\/capner.it\\\/dev\\\/#organization\"},\"potentialAction\":[{\"@type\":\"SearchAction\",\"target\":{\"@type\":\"EntryPoint\",\"urlTemplate\":\"https:\\\/\\\/capner.it\\\/dev\\\/?s={search_term_string}\"},\"query-input\":{\"@type\":\"PropertyValueSpecification\",\"valueRequired\":true,\"valueName\":\"search_term_string\"}}],\"inLanguage\":\"fr-FR\"},{\"@type\":\"Organization\",\"@id\":\"https:\\\/\\\/capner.it\\\/dev\\\/#organization\",\"name\":\"Capner BE\",\"url\":\"https:\\\/\\\/capner.it\\\/dev\\\/\",\"logo\":{\"@type\":\"ImageObject\",\"inLanguage\":\"fr-FR\",\"@id\":\"https:\\\/\\\/capner.it\\\/dev\\\/#\\\/schema\\\/logo\\\/image\\\/\",\"url\":\"https:\\\/\\\/capner.it\\\/dev\\\/wp-content\\\/uploads\\\/sites\\\/11\\\/2025\\\/02\\\/capner-logo-svg.svg\",\"contentUrl\":\"https:\\\/\\\/capner.it\\\/dev\\\/wp-content\\\/uploads\\\/sites\\\/11\\\/2025\\\/02\\\/capner-logo-svg.svg\",\"caption\":\"Capner BE\"},\"image\":{\"@id\":\"https:\\\/\\\/capner.it\\\/dev\\\/#\\\/schema\\\/logo\\\/image\\\/\"}}]}<\/script>\n<!-- \/ Yoast SEO plugin. -->","yoast_head_json":{"title":"Panneaux photovolta\u00efques - Capner BE","robots":{"index":"noindex","follow":"follow","max-snippet":"max-snippet:-1","max-image-preview":"max-image-preview:large","max-video-preview":"max-video-preview:-1"},"og_locale":"fr_FR","og_type":"article","og_title":"Panneaux photovolta\u00efques - Capner BE","og_description":"Haut rendement et int\u00e9gration architecturale parfaite.","og_url":"https:\/\/capner.it\/dev\/product\/panneaux-photovoltaiques\/","og_site_name":"Capner BE","article_modified_time":"2025-09-10T09:52:39+00:00","og_image":[{"width":1299,"height":1500,"url":"https:\/\/capner.it\/dev\/wp-content\/uploads\/sites\/11\/2025\/05\/pannello_fotovoltaico_nero_def.png","type":"image\/png"}],"twitter_card":"summary_large_image","twitter_misc":{"Dur\u00e9e de lecture estim\u00e9e":"1 minute"},"schema":{"@context":"https:\/\/schema.org","@graph":[{"@type":"WebPage","@id":"https:\/\/capner.it\/dev\/product\/panneaux-photovoltaiques\/","url":"https:\/\/capner.it\/dev\/product\/panneaux-photovoltaiques\/","name":"Panneaux photovolta\u00efques - Capner BE","isPartOf":{"@id":"https:\/\/capner.it\/dev\/#website"},"primaryImageOfPage":{"@id":"https:\/\/capner.it\/dev\/product\/panneaux-photovoltaiques\/#primaryimage"},"image":{"@id":"https:\/\/capner.it\/dev\/product\/panneaux-photovoltaiques\/#primaryimage"},"thumbnailUrl":"https:\/\/capner.it\/dev\/wp-content\/uploads\/sites\/11\/2025\/05\/pannello_fotovoltaico_nero_def.png","datePublished":"2025-05-20T15:30:30+00:00","dateModified":"2025-09-10T09:52:39+00:00","breadcrumb":{"@id":"https:\/\/capner.it\/dev\/product\/panneaux-photovoltaiques\/#breadcrumb"},"inLanguage":"fr-FR","potentialAction":[{"@type":"ReadAction","target":["https:\/\/capner.it\/dev\/product\/panneaux-photovoltaiques\/"]}]},{"@type":"ImageObject","inLanguage":"fr-FR","@id":"https:\/\/capner.it\/dev\/product\/panneaux-photovoltaiques\/#primaryimage","url":"https:\/\/capner.it\/dev\/wp-content\/uploads\/sites\/11\/2025\/05\/pannello_fotovoltaico_nero_def.png","contentUrl":"https:\/\/capner.it\/dev\/wp-content\/uploads\/sites\/11\/2025\/05\/pannello_fotovoltaico_nero_def.png","width":1299,"height":1500},{"@type":"BreadcrumbList","@id":"https:\/\/capner.it\/dev\/product\/panneaux-photovoltaiques\/#breadcrumb","itemListElement":[{"@type":"ListItem","position":1,"name":"Home","item":"https:\/\/capner.it\/dev\/"},{"@type":"ListItem","position":2,"name":"Panneaux photovolta\u00efques"}]},{"@type":"WebSite","@id":"https:\/\/capner.it\/dev\/#website","url":"https:\/\/capner.it\/dev\/","name":"Capner BE","description":"A world of possibilities","publisher":{"@id":"https:\/\/capner.it\/dev\/#organization"},"potentialAction":[{"@type":"SearchAction","target":{"@type":"EntryPoint","urlTemplate":"https:\/\/capner.it\/dev\/?s={search_term_string}"},"query-input":{"@type":"PropertyValueSpecification","valueRequired":true,"valueName":"search_term_string"}}],"inLanguage":"fr-FR"},{"@type":"Organization","@id":"https:\/\/capner.it\/dev\/#organization","name":"Capner BE","url":"https:\/\/capner.it\/dev\/","logo":{"@type":"ImageObject","inLanguage":"fr-FR","@id":"https:\/\/capner.it\/dev\/#\/schema\/logo\/image\/","url":"https:\/\/capner.it\/dev\/wp-content\/uploads\/sites\/11\/2025\/02\/capner-logo-svg.svg","contentUrl":"https:\/\/capner.it\/dev\/wp-content\/uploads\/sites\/11\/2025\/02\/capner-logo-svg.svg","caption":"Capner BE"},"image":{"@id":"https:\/\/capner.it\/dev\/#\/schema\/logo\/image\/"}}]}},"acf":{"pdf_brochure":4147,"tipo_prodotto":"","img_prod":2903},"_links":{"self":[{"href":"https:\/\/capner.it\/dev\/wp-json\/wp\/v2\/product\/1976","targetHints":{"allow":["GET"]}}],"collection":[{"href":"https:\/\/capner.it\/dev\/wp-json\/wp\/v2\/product"}],"about":[{"href":"https:\/\/capner.it\/dev\/wp-json\/wp\/v2\/types\/product"}],"wp:featuredmedia":[{"embeddable":true,"href":"https:\/\/capner.it\/dev\/wp-json\/wp\/v2\/media\/3540"}],"wp:attachment":[{"href":"https:\/\/capner.it\/dev\/wp-json\/wp\/v2\/media?parent=1976"}],"wp:term":[{"taxonomy":"tipo-prodotto","embeddable":true,"href":"https:\/\/capner.it\/dev\/wp-json\/wp\/v2\/tipo-prodotto?post=1976"}],"curies":[{"name":"wp","href":"https:\/\/api.w.org\/{rel}","templated":true}]}}