{"id":2004,"date":"2025-05-20T15:30:30","date_gmt":"2025-05-20T15:30:30","guid":{"rendered":"https:\/\/staging4.team99.it\/product\/dulaan180-boiler-thermodynamique\/"},"modified":"2025-09-10T11:43:00","modified_gmt":"2025-09-10T09:43:00","slug":"dulaan180-boiler-thermodynamique","status":"publish","type":"product","link":"https:\/\/capner.it\/dev\/product\/dulaan180-boiler-thermodynamique\/","title":{"rendered":"DULAAN180 BOILER THERMODYNAMIQUE"},"content":{"rendered":"\n<h3 class=\"wp-block-heading has-titolo-medio-font-size\">ALL IN ONE<\/h3>\n\n\n\n<h3 class=\"wp-block-heading has-titolo-sezione-font-size\"><br>Chauffage &amp; eau chaude<br><strong>Boiler Thermodynamique<\/strong><\/h3>\n\n\n\n<p class=\"\"><strong>R290<\/strong><br>A une valeur ODP nulle, ce qui signifie qu\u2019il n\u2019a aucun impact n\u00e9gatif sur la couche d\u2019ozone, et une valeur GWP extr\u00eamement basse.<\/p>\n\n\n\n<p class=\"\"><strong>ALL IN ONE<br><\/strong>Gr\u00e2ce \u00e0 la combinaison du r\u00e9servoir tampon et du r\u00e9servoir d\u2019eau sanitaire, une installation simple et un gain de place sont r\u00e9alis\u00e9s. De plus, la pompe \u00e0 chaleur fonctionne silencieusement.<\/p>\n\n\n\n<p class=\"\"><strong>COP \u00c9LEV\u00c9<br><\/strong>L\u2019excellent effet d\u2019\u00e9conomie d\u2019\u00e9nergie permet de la distinguer des autres chauffe-eaux.<\/p>\n\n\n\n<div style=\"height:50px\" aria-hidden=\"true\" class=\"wp-block-spacer\"><\/div>\n\n\n\n<div class=\"wp-block-columns pattern-galleria-prodotto is-layout-flex wp-container-core-columns-is-layout-fef0e728 wp-block-columns-is-layout-flex\">\n<div class=\"wp-block-column is-layout-flow wp-container-core-column-is-layout-e3d1c41b wp-block-column-is-layout-flow\">\n<figure data-wp-context=\"{&quot;imageId&quot;:&quot;69f2ad13ea01c&quot;}\" data-wp-interactive=\"core\/image\" class=\"wp-block-image size-full wp-lightbox-container\"><img decoding=\"async\" data-wp-class--hide=\"state.isContentHidden\" data-wp-class--show=\"state.isContentVisible\" data-wp-init=\"callbacks.setButtonStyles\" data-wp-on-async--click=\"actions.showLightbox\" data-wp-on-async--load=\"callbacks.setButtonStyles\" data-wp-on-async-window--resize=\"callbacks.setButtonStyles\" src=\"https:\/\/capner.it\/dev\/wp-content\/uploads\/sites\/11\/2025\/05\/CAPNER_boiler_matte_front.png\" alt=\"\" class=\"wp-image-2926\" style=\"aspect-ratio:3\/4;object-fit:cover\"\/><button\n\t\t\tclass=\"lightbox-trigger\"\n\t\t\ttype=\"button\"\n\t\t\taria-haspopup=\"dialog\"\n\t\t\taria-label=\"Agrandir\"\n\t\t\tdata-wp-init=\"callbacks.initTriggerButton\"\n\t\t\tdata-wp-on-async--click=\"actions.showLightbox\"\n\t\t\tdata-wp-style--right=\"state.imageButtonRight\"\n\t\t\tdata-wp-style--top=\"state.imageButtonTop\"\n\t\t>\n\t\t\t<svg xmlns=\"http:\/\/www.w3.org\/2000\/svg\" width=\"12\" height=\"12\" fill=\"none\" viewBox=\"0 0 12 12\">\n\t\t\t\t<path fill=\"#fff\" d=\"M2 0a2 2 0 0 0-2 2v2h1.5V2a.5.5 0 0 1 .5-.5h2V0H2Zm2 10.5H2a.5.5 0 0 1-.5-.5V8H0v2a2 2 0 0 0 2 2h2v-1.5ZM8 12v-1.5h2a.5.5 0 0 0 .5-.5V8H12v2a2 2 0 0 1-2 2H8Zm2-12a2 2 0 0 1 2 2v2h-1.5V2a.5.5 0 0 0-.5-.5H8V0h2Z\" \/>\n\t\t\t<\/svg>\n\t\t<\/button><\/figure>\n<\/div>\n\n\n\n<div class=\"wp-block-column is-layout-flow wp-container-core-column-is-layout-e3d1c41b wp-block-column-is-layout-flow\">\n<figure data-wp-context=\"{&quot;imageId&quot;:&quot;69f2ad13ebd31&quot;}\" data-wp-interactive=\"core\/image\" class=\"wp-block-image size-full wp-lightbox-container\"><img loading=\"lazy\" decoding=\"async\" width=\"1992\" height=\"2560\" data-wp-class--hide=\"state.isContentHidden\" data-wp-class--show=\"state.isContentVisible\" data-wp-init=\"callbacks.setButtonStyles\" data-wp-on-async--click=\"actions.showLightbox\" data-wp-on-async--load=\"callbacks.setButtonStyles\" data-wp-on-async-window--resize=\"callbacks.setButtonStyles\" src=\"https:\/\/capner.it\/dev\/wp-content\/uploads\/sites\/11\/2025\/08\/capner_boiler_booster_ambientata_render-scaled.jpg\" alt=\"\" class=\"wp-image-4095\" srcset=\"https:\/\/capner.it\/dev\/wp-content\/uploads\/sites\/11\/2025\/08\/capner_boiler_booster_ambientata_render-scaled.jpg 1992w, https:\/\/capner.it\/dev\/wp-content\/uploads\/sites\/11\/2025\/08\/capner_boiler_booster_ambientata_render-233x300.jpg 233w, https:\/\/capner.it\/dev\/wp-content\/uploads\/sites\/11\/2025\/08\/capner_boiler_booster_ambientata_render-797x1024.jpg 797w, https:\/\/capner.it\/dev\/wp-content\/uploads\/sites\/11\/2025\/08\/capner_boiler_booster_ambientata_render-768x987.jpg 768w, https:\/\/capner.it\/dev\/wp-content\/uploads\/sites\/11\/2025\/08\/capner_boiler_booster_ambientata_render-1195x1536.jpg 1195w, https:\/\/capner.it\/dev\/wp-content\/uploads\/sites\/11\/2025\/08\/capner_boiler_booster_ambientata_render-1594x2048.jpg 1594w\" sizes=\"auto, (max-width: 1992px) 100vw, 1992px\" \/><button\n\t\t\tclass=\"lightbox-trigger\"\n\t\t\ttype=\"button\"\n\t\t\taria-haspopup=\"dialog\"\n\t\t\taria-label=\"Agrandir\"\n\t\t\tdata-wp-init=\"callbacks.initTriggerButton\"\n\t\t\tdata-wp-on-async--click=\"actions.showLightbox\"\n\t\t\tdata-wp-style--right=\"state.imageButtonRight\"\n\t\t\tdata-wp-style--top=\"state.imageButtonTop\"\n\t\t>\n\t\t\t<svg xmlns=\"http:\/\/www.w3.org\/2000\/svg\" width=\"12\" height=\"12\" fill=\"none\" viewBox=\"0 0 12 12\">\n\t\t\t\t<path fill=\"#fff\" d=\"M2 0a2 2 0 0 0-2 2v2h1.5V2a.5.5 0 0 1 .5-.5h2V0H2Zm2 10.5H2a.5.5 0 0 1-.5-.5V8H0v2a2 2 0 0 0 2 2h2v-1.5ZM8 12v-1.5h2a.5.5 0 0 0 .5-.5V8H12v2a2 2 0 0 1-2 2H8Zm2-12a2 2 0 0 1 2 2v2h-1.5V2a.5.5 0 0 0-.5-.5H8V0h2Z\" \/>\n\t\t\t<\/svg>\n\t\t<\/button><\/figure>\n\n\n\n<figure data-wp-context=\"{&quot;imageId&quot;:&quot;69f2ad13ec447&quot;}\" data-wp-interactive=\"core\/image\" class=\"wp-block-image size-full wp-lightbox-container\"><img decoding=\"async\" data-wp-class--hide=\"state.isContentHidden\" data-wp-class--show=\"state.isContentVisible\" data-wp-init=\"callbacks.setButtonStyles\" data-wp-on-async--click=\"actions.showLightbox\" data-wp-on-async--load=\"callbacks.setButtonStyles\" data-wp-on-async-window--resize=\"callbacks.setButtonStyles\" src=\"https:\/\/capner.it\/dev\/wp-content\/uploads\/sites\/11\/2025\/05\/CAPNER_boiler_matte_R.png\" alt=\"\" class=\"wp-image-2929\" style=\"aspect-ratio:3\/4;object-fit:cover\"\/><button\n\t\t\tclass=\"lightbox-trigger\"\n\t\t\ttype=\"button\"\n\t\t\taria-haspopup=\"dialog\"\n\t\t\taria-label=\"Agrandir\"\n\t\t\tdata-wp-init=\"callbacks.initTriggerButton\"\n\t\t\tdata-wp-on-async--click=\"actions.showLightbox\"\n\t\t\tdata-wp-style--right=\"state.imageButtonRight\"\n\t\t\tdata-wp-style--top=\"state.imageButtonTop\"\n\t\t>\n\t\t\t<svg xmlns=\"http:\/\/www.w3.org\/2000\/svg\" width=\"12\" height=\"12\" fill=\"none\" viewBox=\"0 0 12 12\">\n\t\t\t\t<path fill=\"#fff\" d=\"M2 0a2 2 0 0 0-2 2v2h1.5V2a.5.5 0 0 1 .5-.5h2V0H2Zm2 10.5H2a.5.5 0 0 1-.5-.5V8H0v2a2 2 0 0 0 2 2h2v-1.5ZM8 12v-1.5h2a.5.5 0 0 0 .5-.5V8H12v2a2 2 0 0 1-2 2H8Zm2-12a2 2 0 0 1 2 2v2h-1.5V2a.5.5 0 0 0-.5-.5H8V0h2Z\" \/>\n\t\t\t<\/svg>\n\t\t<\/button><\/figure>\n<\/div>\n<\/div>\n","protected":false},"excerpt":{"rendered":"<p>Chauffage &#038; Eau chaude<\/p>\n","protected":false},"featured_media":2876,"template":"","tipo-prodotto":[41],"class_list":["post-2004","product","type-product","status-publish","has-post-thumbnail","hentry","tipo-prodotto-boiler-et-booster"],"yoast_head":"<!-- This site is optimized with the Yoast SEO plugin v27.5 - https:\/\/yoast.com\/product\/yoast-seo-wordpress\/ -->\n<title>DULAAN180 BOILER THERMODYNAMIQUE - Capner BE<\/title>\n<meta name=\"robots\" content=\"noindex, follow, max-snippet:-1, max-image-preview:large, max-video-preview:-1\" \/>\n<meta property=\"og:locale\" content=\"fr_FR\" \/>\n<meta property=\"og:type\" content=\"article\" \/>\n<meta property=\"og:title\" content=\"DULAAN180 BOILER THERMODYNAMIQUE - Capner BE\" \/>\n<meta property=\"og:description\" content=\"Chauffage &amp; Eau chaude\" \/>\n<meta property=\"og:url\" content=\"https:\/\/capner.it\/dev\/product\/dulaan180-boiler-thermodynamique\/\" \/>\n<meta property=\"og:site_name\" content=\"Capner BE\" \/>\n<meta property=\"article:modified_time\" content=\"2025-09-10T09:43:00+00:00\" \/>\n<meta property=\"og:image\" content=\"https:\/\/capner.it\/dev\/wp-content\/uploads\/sites\/11\/2025\/05\/CAPNER_boiler_cover_prodotto.jpg\" \/>\n\t<meta property=\"og:image:width\" content=\"1400\" \/>\n\t<meta property=\"og:image:height\" content=\"2000\" \/>\n\t<meta property=\"og:image:type\" content=\"image\/jpeg\" \/>\n<meta name=\"twitter:card\" content=\"summary_large_image\" \/>\n<meta name=\"twitter:label1\" content=\"Dur\u00e9e de lecture estim\u00e9e\" \/>\n\t<meta name=\"twitter:data1\" content=\"2 minutes\" \/>\n<script type=\"application\/ld+json\" class=\"yoast-schema-graph\">{\"@context\":\"https:\\\/\\\/schema.org\",\"@graph\":[{\"@type\":\"WebPage\",\"@id\":\"https:\\\/\\\/capner.it\\\/dev\\\/product\\\/dulaan180-boiler-thermodynamique\\\/\",\"url\":\"https:\\\/\\\/capner.it\\\/dev\\\/product\\\/dulaan180-boiler-thermodynamique\\\/\",\"name\":\"DULAAN180 BOILER THERMODYNAMIQUE - Capner BE\",\"isPartOf\":{\"@id\":\"https:\\\/\\\/capner.it\\\/dev\\\/#website\"},\"primaryImageOfPage\":{\"@id\":\"https:\\\/\\\/capner.it\\\/dev\\\/product\\\/dulaan180-boiler-thermodynamique\\\/#primaryimage\"},\"image\":{\"@id\":\"https:\\\/\\\/capner.it\\\/dev\\\/product\\\/dulaan180-boiler-thermodynamique\\\/#primaryimage\"},\"thumbnailUrl\":\"https:\\\/\\\/capner.it\\\/dev\\\/wp-content\\\/uploads\\\/sites\\\/11\\\/2025\\\/05\\\/CAPNER_boiler_cover_prodotto.jpg\",\"datePublished\":\"2025-05-20T15:30:30+00:00\",\"dateModified\":\"2025-09-10T09:43:00+00:00\",\"breadcrumb\":{\"@id\":\"https:\\\/\\\/capner.it\\\/dev\\\/product\\\/dulaan180-boiler-thermodynamique\\\/#breadcrumb\"},\"inLanguage\":\"fr-FR\",\"potentialAction\":[{\"@type\":\"ReadAction\",\"target\":[\"https:\\\/\\\/capner.it\\\/dev\\\/product\\\/dulaan180-boiler-thermodynamique\\\/\"]}]},{\"@type\":\"ImageObject\",\"inLanguage\":\"fr-FR\",\"@id\":\"https:\\\/\\\/capner.it\\\/dev\\\/product\\\/dulaan180-boiler-thermodynamique\\\/#primaryimage\",\"url\":\"https:\\\/\\\/capner.it\\\/dev\\\/wp-content\\\/uploads\\\/sites\\\/11\\\/2025\\\/05\\\/CAPNER_boiler_cover_prodotto.jpg\",\"contentUrl\":\"https:\\\/\\\/capner.it\\\/dev\\\/wp-content\\\/uploads\\\/sites\\\/11\\\/2025\\\/05\\\/CAPNER_boiler_cover_prodotto.jpg\",\"width\":1400,\"height\":2000},{\"@type\":\"BreadcrumbList\",\"@id\":\"https:\\\/\\\/capner.it\\\/dev\\\/product\\\/dulaan180-boiler-thermodynamique\\\/#breadcrumb\",\"itemListElement\":[{\"@type\":\"ListItem\",\"position\":1,\"name\":\"Home\",\"item\":\"https:\\\/\\\/capner.it\\\/dev\\\/\"},{\"@type\":\"ListItem\",\"position\":2,\"name\":\"DULAAN180 BOILER THERMODYNAMIQUE\"}]},{\"@type\":\"WebSite\",\"@id\":\"https:\\\/\\\/capner.it\\\/dev\\\/#website\",\"url\":\"https:\\\/\\\/capner.it\\\/dev\\\/\",\"name\":\"Capner BE\",\"description\":\"A world of possibilities\",\"publisher\":{\"@id\":\"https:\\\/\\\/capner.it\\\/dev\\\/#organization\"},\"potentialAction\":[{\"@type\":\"SearchAction\",\"target\":{\"@type\":\"EntryPoint\",\"urlTemplate\":\"https:\\\/\\\/capner.it\\\/dev\\\/?s={search_term_string}\"},\"query-input\":{\"@type\":\"PropertyValueSpecification\",\"valueRequired\":true,\"valueName\":\"search_term_string\"}}],\"inLanguage\":\"fr-FR\"},{\"@type\":\"Organization\",\"@id\":\"https:\\\/\\\/capner.it\\\/dev\\\/#organization\",\"name\":\"Capner BE\",\"url\":\"https:\\\/\\\/capner.it\\\/dev\\\/\",\"logo\":{\"@type\":\"ImageObject\",\"inLanguage\":\"fr-FR\",\"@id\":\"https:\\\/\\\/capner.it\\\/dev\\\/#\\\/schema\\\/logo\\\/image\\\/\",\"url\":\"https:\\\/\\\/capner.it\\\/dev\\\/wp-content\\\/uploads\\\/sites\\\/11\\\/2025\\\/02\\\/capner-logo-svg.svg\",\"contentUrl\":\"https:\\\/\\\/capner.it\\\/dev\\\/wp-content\\\/uploads\\\/sites\\\/11\\\/2025\\\/02\\\/capner-logo-svg.svg\",\"caption\":\"Capner BE\"},\"image\":{\"@id\":\"https:\\\/\\\/capner.it\\\/dev\\\/#\\\/schema\\\/logo\\\/image\\\/\"}}]}<\/script>\n<!-- \/ Yoast SEO plugin. -->","yoast_head_json":{"title":"DULAAN180 BOILER THERMODYNAMIQUE - Capner BE","robots":{"index":"noindex","follow":"follow","max-snippet":"max-snippet:-1","max-image-preview":"max-image-preview:large","max-video-preview":"max-video-preview:-1"},"og_locale":"fr_FR","og_type":"article","og_title":"DULAAN180 BOILER THERMODYNAMIQUE - Capner BE","og_description":"Chauffage & Eau chaude","og_url":"https:\/\/capner.it\/dev\/product\/dulaan180-boiler-thermodynamique\/","og_site_name":"Capner BE","article_modified_time":"2025-09-10T09:43:00+00:00","og_image":[{"width":1400,"height":2000,"url":"https:\/\/capner.it\/dev\/wp-content\/uploads\/sites\/11\/2025\/05\/CAPNER_boiler_cover_prodotto.jpg","type":"image\/jpeg"}],"twitter_card":"summary_large_image","twitter_misc":{"Dur\u00e9e de lecture estim\u00e9e":"2 minutes"},"schema":{"@context":"https:\/\/schema.org","@graph":[{"@type":"WebPage","@id":"https:\/\/capner.it\/dev\/product\/dulaan180-boiler-thermodynamique\/","url":"https:\/\/capner.it\/dev\/product\/dulaan180-boiler-thermodynamique\/","name":"DULAAN180 BOILER THERMODYNAMIQUE - Capner BE","isPartOf":{"@id":"https:\/\/capner.it\/dev\/#website"},"primaryImageOfPage":{"@id":"https:\/\/capner.it\/dev\/product\/dulaan180-boiler-thermodynamique\/#primaryimage"},"image":{"@id":"https:\/\/capner.it\/dev\/product\/dulaan180-boiler-thermodynamique\/#primaryimage"},"thumbnailUrl":"https:\/\/capner.it\/dev\/wp-content\/uploads\/sites\/11\/2025\/05\/CAPNER_boiler_cover_prodotto.jpg","datePublished":"2025-05-20T15:30:30+00:00","dateModified":"2025-09-10T09:43:00+00:00","breadcrumb":{"@id":"https:\/\/capner.it\/dev\/product\/dulaan180-boiler-thermodynamique\/#breadcrumb"},"inLanguage":"fr-FR","potentialAction":[{"@type":"ReadAction","target":["https:\/\/capner.it\/dev\/product\/dulaan180-boiler-thermodynamique\/"]}]},{"@type":"ImageObject","inLanguage":"fr-FR","@id":"https:\/\/capner.it\/dev\/product\/dulaan180-boiler-thermodynamique\/#primaryimage","url":"https:\/\/capner.it\/dev\/wp-content\/uploads\/sites\/11\/2025\/05\/CAPNER_boiler_cover_prodotto.jpg","contentUrl":"https:\/\/capner.it\/dev\/wp-content\/uploads\/sites\/11\/2025\/05\/CAPNER_boiler_cover_prodotto.jpg","width":1400,"height":2000},{"@type":"BreadcrumbList","@id":"https:\/\/capner.it\/dev\/product\/dulaan180-boiler-thermodynamique\/#breadcrumb","itemListElement":[{"@type":"ListItem","position":1,"name":"Home","item":"https:\/\/capner.it\/dev\/"},{"@type":"ListItem","position":2,"name":"DULAAN180 BOILER THERMODYNAMIQUE"}]},{"@type":"WebSite","@id":"https:\/\/capner.it\/dev\/#website","url":"https:\/\/capner.it\/dev\/","name":"Capner BE","description":"A world of possibilities","publisher":{"@id":"https:\/\/capner.it\/dev\/#organization"},"potentialAction":[{"@type":"SearchAction","target":{"@type":"EntryPoint","urlTemplate":"https:\/\/capner.it\/dev\/?s={search_term_string}"},"query-input":{"@type":"PropertyValueSpecification","valueRequired":true,"valueName":"search_term_string"}}],"inLanguage":"fr-FR"},{"@type":"Organization","@id":"https:\/\/capner.it\/dev\/#organization","name":"Capner BE","url":"https:\/\/capner.it\/dev\/","logo":{"@type":"ImageObject","inLanguage":"fr-FR","@id":"https:\/\/capner.it\/dev\/#\/schema\/logo\/image\/","url":"https:\/\/capner.it\/dev\/wp-content\/uploads\/sites\/11\/2025\/02\/capner-logo-svg.svg","contentUrl":"https:\/\/capner.it\/dev\/wp-content\/uploads\/sites\/11\/2025\/02\/capner-logo-svg.svg","caption":"Capner BE"},"image":{"@id":"https:\/\/capner.it\/dev\/#\/schema\/logo\/image\/"}}]}},"acf":{"pdf_brochure":4114,"tipo_prodotto":"","img_prod":2896},"_links":{"self":[{"href":"https:\/\/capner.it\/dev\/wp-json\/wp\/v2\/product\/2004","targetHints":{"allow":["GET"]}}],"collection":[{"href":"https:\/\/capner.it\/dev\/wp-json\/wp\/v2\/product"}],"about":[{"href":"https:\/\/capner.it\/dev\/wp-json\/wp\/v2\/types\/product"}],"wp:featuredmedia":[{"embeddable":true,"href":"https:\/\/capner.it\/dev\/wp-json\/wp\/v2\/media\/2876"}],"wp:attachment":[{"href":"https:\/\/capner.it\/dev\/wp-json\/wp\/v2\/media?parent=2004"}],"wp:term":[{"taxonomy":"tipo-prodotto","embeddable":true,"href":"https:\/\/capner.it\/dev\/wp-json\/wp\/v2\/tipo-prodotto?post=2004"}],"curies":[{"name":"wp","href":"https:\/\/api.w.org\/{rel}","templated":true}]}}