{"id":2011,"date":"2025-05-20T15:30:30","date_gmt":"2025-05-20T15:30:30","guid":{"rendered":"https:\/\/staging4.team99.it\/product\/dulaan-booster\/"},"modified":"2025-09-10T12:14:07","modified_gmt":"2025-09-10T10:14:07","slug":"dulaan-booster","status":"publish","type":"product","link":"https:\/\/capner.it\/dev\/product\/dulaan-booster\/","title":{"rendered":"DULAAN BOOSTER"},"content":{"rendered":"\n<h2 class=\"wp-block-heading has-titolo-sezione-font-size\">Atteindre l\u2019<strong>ind\u00e9pendance<\/strong> \u00e9nerg\u00e9tique<\/h2>\n\n\n\n<div style=\"height:25px\" aria-hidden=\"true\" class=\"wp-block-spacer\"><\/div>\n\n\n\n<ul class=\"wp-block-list\">\n<li class=\"\">Syst\u00e8me de chauffage unique.<\/li>\n\n\n\n<li class=\"\">\u00c9quip\u00e9 d\u2019une pompe de circulation et d\u2019un vase d\u2019expansion.<\/li>\n\n\n\n<li class=\"\">Contr\u00f4le WIFI via connexion avec le thermostat d\u2019ambiance ou une application.<\/li>\n\n\n\n<li class=\"\">Compatible avec un chauffe-eau indirect ou des r\u00e9servoirs tampons pour l\u2019eau chaude sanitaire.<\/li>\n\n\n\n<li class=\"\">\u00c9l\u00e9ment chauffant brevet\u00e9 offrant une haute efficacit\u00e9 de chauffage.<\/li>\n\n\n\n<li class=\"\">Syst\u00e8me \u00e9lectronique au magn\u00e9sium brevet\u00e9.<\/li>\n\n\n\n<li class=\"\">Interface tactile avec affichage LED.<\/li>\n\n\n\n<li class=\"\">Double protection contre le chauffage \u00e0 sec.<\/li>\n\n\n\n<li class=\"\">Fonction antigel automatique.<\/li>\n\n\n\n<li class=\"\">Technologie d\u2019autod\u00e9tections des d\u00e9fauts.<\/li>\n\n\n\n<li class=\"\">Fonctionnement \u00e0 tr\u00e8s faible bruit.<\/li>\n<\/ul>\n\n\n\n<div style=\"height:25px\" aria-hidden=\"true\" class=\"wp-block-spacer\"><\/div>\n\n\n\n<div class=\"wp-block-columns pattern-galleria-prodotto is-layout-flex wp-container-core-columns-is-layout-fef0e728 wp-block-columns-is-layout-flex\">\n<div class=\"wp-block-column is-layout-flow wp-container-core-column-is-layout-e3d1c41b wp-block-column-is-layout-flow\">\n<figure data-wp-context=\"{&quot;imageId&quot;:&quot;69f2bb1f928e8&quot;}\" data-wp-interactive=\"core\/image\" class=\"wp-block-image size-full wp-lightbox-container\"><img decoding=\"async\" data-wp-class--hide=\"state.isContentHidden\" data-wp-class--show=\"state.isContentVisible\" data-wp-init=\"callbacks.setButtonStyles\" data-wp-on-async--click=\"actions.showLightbox\" data-wp-on-async--load=\"callbacks.setButtonStyles\" data-wp-on-async-window--resize=\"callbacks.setButtonStyles\" src=\"https:\/\/capner.it\/dev\/wp-content\/uploads\/sites\/11\/2025\/05\/CAPNER_booster_right.png\" alt=\"\" class=\"wp-image-2934\" style=\"aspect-ratio:3\/4;object-fit:cover\"\/><button\n\t\t\tclass=\"lightbox-trigger\"\n\t\t\ttype=\"button\"\n\t\t\taria-haspopup=\"dialog\"\n\t\t\taria-label=\"Agrandir\"\n\t\t\tdata-wp-init=\"callbacks.initTriggerButton\"\n\t\t\tdata-wp-on-async--click=\"actions.showLightbox\"\n\t\t\tdata-wp-style--right=\"state.imageButtonRight\"\n\t\t\tdata-wp-style--top=\"state.imageButtonTop\"\n\t\t>\n\t\t\t<svg xmlns=\"http:\/\/www.w3.org\/2000\/svg\" width=\"12\" height=\"12\" fill=\"none\" viewBox=\"0 0 12 12\">\n\t\t\t\t<path fill=\"#fff\" d=\"M2 0a2 2 0 0 0-2 2v2h1.5V2a.5.5 0 0 1 .5-.5h2V0H2Zm2 10.5H2a.5.5 0 0 1-.5-.5V8H0v2a2 2 0 0 0 2 2h2v-1.5ZM8 12v-1.5h2a.5.5 0 0 0 .5-.5V8H12v2a2 2 0 0 1-2 2H8Zm2-12a2 2 0 0 1 2 2v2h-1.5V2a.5.5 0 0 0-.5-.5H8V0h2Z\" \/>\n\t\t\t<\/svg>\n\t\t<\/button><\/figure>\n<\/div>\n\n\n\n<div class=\"wp-block-column is-layout-flow wp-container-core-column-is-layout-e3d1c41b wp-block-column-is-layout-flow\">\n<figure data-wp-context=\"{&quot;imageId&quot;:&quot;69f2bb1f95295&quot;}\" data-wp-interactive=\"core\/image\" class=\"wp-block-image size-full wp-lightbox-container\"><img loading=\"lazy\" decoding=\"async\" width=\"1992\" height=\"2560\" data-wp-class--hide=\"state.isContentHidden\" data-wp-class--show=\"state.isContentVisible\" data-wp-init=\"callbacks.setButtonStyles\" data-wp-on-async--click=\"actions.showLightbox\" data-wp-on-async--load=\"callbacks.setButtonStyles\" data-wp-on-async-window--resize=\"callbacks.setButtonStyles\" src=\"https:\/\/capner.it\/dev\/wp-content\/uploads\/sites\/11\/2025\/08\/capner_boiler_booster_ambientata_render-scaled.jpg\" alt=\"\" class=\"wp-image-4095\" style=\"aspect-ratio:3\/4;object-fit:cover\" srcset=\"https:\/\/capner.it\/dev\/wp-content\/uploads\/sites\/11\/2025\/08\/capner_boiler_booster_ambientata_render-scaled.jpg 1992w, https:\/\/capner.it\/dev\/wp-content\/uploads\/sites\/11\/2025\/08\/capner_boiler_booster_ambientata_render-233x300.jpg 233w, https:\/\/capner.it\/dev\/wp-content\/uploads\/sites\/11\/2025\/08\/capner_boiler_booster_ambientata_render-797x1024.jpg 797w, https:\/\/capner.it\/dev\/wp-content\/uploads\/sites\/11\/2025\/08\/capner_boiler_booster_ambientata_render-768x987.jpg 768w, https:\/\/capner.it\/dev\/wp-content\/uploads\/sites\/11\/2025\/08\/capner_boiler_booster_ambientata_render-1195x1536.jpg 1195w, https:\/\/capner.it\/dev\/wp-content\/uploads\/sites\/11\/2025\/08\/capner_boiler_booster_ambientata_render-1594x2048.jpg 1594w\" sizes=\"auto, (max-width: 1992px) 100vw, 1992px\" \/><button\n\t\t\tclass=\"lightbox-trigger\"\n\t\t\ttype=\"button\"\n\t\t\taria-haspopup=\"dialog\"\n\t\t\taria-label=\"Agrandir\"\n\t\t\tdata-wp-init=\"callbacks.initTriggerButton\"\n\t\t\tdata-wp-on-async--click=\"actions.showLightbox\"\n\t\t\tdata-wp-style--right=\"state.imageButtonRight\"\n\t\t\tdata-wp-style--top=\"state.imageButtonTop\"\n\t\t>\n\t\t\t<svg xmlns=\"http:\/\/www.w3.org\/2000\/svg\" width=\"12\" height=\"12\" fill=\"none\" viewBox=\"0 0 12 12\">\n\t\t\t\t<path fill=\"#fff\" d=\"M2 0a2 2 0 0 0-2 2v2h1.5V2a.5.5 0 0 1 .5-.5h2V0H2Zm2 10.5H2a.5.5 0 0 1-.5-.5V8H0v2a2 2 0 0 0 2 2h2v-1.5ZM8 12v-1.5h2a.5.5 0 0 0 .5-.5V8H12v2a2 2 0 0 1-2 2H8Zm2-12a2 2 0 0 1 2 2v2h-1.5V2a.5.5 0 0 0-.5-.5H8V0h2Z\" \/>\n\t\t\t<\/svg>\n\t\t<\/button><\/figure>\n<\/div>\n<\/div>\n","protected":false},"excerpt":{"rendered":"<p>Atteindre l\u2019ind\u00e9pendance \u00e9nerg\u00e9tique<\/p>\n","protected":false},"featured_media":2996,"template":"","tipo-prodotto":[41],"class_list":["post-2011","product","type-product","status-publish","has-post-thumbnail","hentry","tipo-prodotto-boiler-et-booster"],"yoast_head":"<!-- This site is optimized with the Yoast SEO plugin v27.5 - https:\/\/yoast.com\/product\/yoast-seo-wordpress\/ -->\n<title>DULAAN BOOSTER - Capner BE<\/title>\n<meta name=\"robots\" content=\"noindex, follow, max-snippet:-1, max-image-preview:large, max-video-preview:-1\" \/>\n<meta property=\"og:locale\" content=\"fr_FR\" \/>\n<meta property=\"og:type\" content=\"article\" \/>\n<meta property=\"og:title\" content=\"DULAAN BOOSTER - Capner BE\" \/>\n<meta property=\"og:description\" content=\"Atteindre l\u2019ind\u00e9pendance \u00e9nerg\u00e9tique\" \/>\n<meta property=\"og:url\" content=\"https:\/\/capner.it\/dev\/product\/dulaan-booster\/\" \/>\n<meta property=\"og:site_name\" content=\"Capner BE\" \/>\n<meta property=\"article:modified_time\" content=\"2025-09-10T10:14:07+00:00\" \/>\n<meta property=\"og:image\" content=\"https:\/\/capner.it\/dev\/wp-content\/uploads\/sites\/11\/2025\/05\/CAPNER_Booster_front_trasp.png\" \/>\n\t<meta property=\"og:image:width\" content=\"1074\" \/>\n\t<meta property=\"og:image:height\" content=\"1500\" \/>\n\t<meta property=\"og:image:type\" content=\"image\/png\" \/>\n<meta name=\"twitter:card\" content=\"summary_large_image\" \/>\n<meta name=\"twitter:label1\" content=\"Dur\u00e9e de lecture estim\u00e9e\" \/>\n\t<meta name=\"twitter:data1\" content=\"2 minutes\" \/>\n<script type=\"application\/ld+json\" class=\"yoast-schema-graph\">{\"@context\":\"https:\\\/\\\/schema.org\",\"@graph\":[{\"@type\":\"WebPage\",\"@id\":\"https:\\\/\\\/capner.it\\\/dev\\\/product\\\/dulaan-booster\\\/\",\"url\":\"https:\\\/\\\/capner.it\\\/dev\\\/product\\\/dulaan-booster\\\/\",\"name\":\"DULAAN BOOSTER - Capner BE\",\"isPartOf\":{\"@id\":\"https:\\\/\\\/capner.it\\\/dev\\\/#website\"},\"primaryImageOfPage\":{\"@id\":\"https:\\\/\\\/capner.it\\\/dev\\\/product\\\/dulaan-booster\\\/#primaryimage\"},\"image\":{\"@id\":\"https:\\\/\\\/capner.it\\\/dev\\\/product\\\/dulaan-booster\\\/#primaryimage\"},\"thumbnailUrl\":\"https:\\\/\\\/capner.it\\\/dev\\\/wp-content\\\/uploads\\\/sites\\\/11\\\/2025\\\/05\\\/CAPNER_Booster_front_trasp.png\",\"datePublished\":\"2025-05-20T15:30:30+00:00\",\"dateModified\":\"2025-09-10T10:14:07+00:00\",\"breadcrumb\":{\"@id\":\"https:\\\/\\\/capner.it\\\/dev\\\/product\\\/dulaan-booster\\\/#breadcrumb\"},\"inLanguage\":\"fr-FR\",\"potentialAction\":[{\"@type\":\"ReadAction\",\"target\":[\"https:\\\/\\\/capner.it\\\/dev\\\/product\\\/dulaan-booster\\\/\"]}]},{\"@type\":\"ImageObject\",\"inLanguage\":\"fr-FR\",\"@id\":\"https:\\\/\\\/capner.it\\\/dev\\\/product\\\/dulaan-booster\\\/#primaryimage\",\"url\":\"https:\\\/\\\/capner.it\\\/dev\\\/wp-content\\\/uploads\\\/sites\\\/11\\\/2025\\\/05\\\/CAPNER_Booster_front_trasp.png\",\"contentUrl\":\"https:\\\/\\\/capner.it\\\/dev\\\/wp-content\\\/uploads\\\/sites\\\/11\\\/2025\\\/05\\\/CAPNER_Booster_front_trasp.png\",\"width\":1074,\"height\":1500},{\"@type\":\"BreadcrumbList\",\"@id\":\"https:\\\/\\\/capner.it\\\/dev\\\/product\\\/dulaan-booster\\\/#breadcrumb\",\"itemListElement\":[{\"@type\":\"ListItem\",\"position\":1,\"name\":\"Home\",\"item\":\"https:\\\/\\\/capner.it\\\/dev\\\/\"},{\"@type\":\"ListItem\",\"position\":2,\"name\":\"DULAAN BOOSTER\"}]},{\"@type\":\"WebSite\",\"@id\":\"https:\\\/\\\/capner.it\\\/dev\\\/#website\",\"url\":\"https:\\\/\\\/capner.it\\\/dev\\\/\",\"name\":\"Capner BE\",\"description\":\"A world of possibilities\",\"publisher\":{\"@id\":\"https:\\\/\\\/capner.it\\\/dev\\\/#organization\"},\"potentialAction\":[{\"@type\":\"SearchAction\",\"target\":{\"@type\":\"EntryPoint\",\"urlTemplate\":\"https:\\\/\\\/capner.it\\\/dev\\\/?s={search_term_string}\"},\"query-input\":{\"@type\":\"PropertyValueSpecification\",\"valueRequired\":true,\"valueName\":\"search_term_string\"}}],\"inLanguage\":\"fr-FR\"},{\"@type\":\"Organization\",\"@id\":\"https:\\\/\\\/capner.it\\\/dev\\\/#organization\",\"name\":\"Capner BE\",\"url\":\"https:\\\/\\\/capner.it\\\/dev\\\/\",\"logo\":{\"@type\":\"ImageObject\",\"inLanguage\":\"fr-FR\",\"@id\":\"https:\\\/\\\/capner.it\\\/dev\\\/#\\\/schema\\\/logo\\\/image\\\/\",\"url\":\"https:\\\/\\\/capner.it\\\/dev\\\/wp-content\\\/uploads\\\/sites\\\/11\\\/2025\\\/02\\\/capner-logo-svg.svg\",\"contentUrl\":\"https:\\\/\\\/capner.it\\\/dev\\\/wp-content\\\/uploads\\\/sites\\\/11\\\/2025\\\/02\\\/capner-logo-svg.svg\",\"caption\":\"Capner BE\"},\"image\":{\"@id\":\"https:\\\/\\\/capner.it\\\/dev\\\/#\\\/schema\\\/logo\\\/image\\\/\"}}]}<\/script>\n<!-- \/ Yoast SEO plugin. -->","yoast_head_json":{"title":"DULAAN BOOSTER - Capner BE","robots":{"index":"noindex","follow":"follow","max-snippet":"max-snippet:-1","max-image-preview":"max-image-preview:large","max-video-preview":"max-video-preview:-1"},"og_locale":"fr_FR","og_type":"article","og_title":"DULAAN BOOSTER - Capner BE","og_description":"Atteindre l\u2019ind\u00e9pendance \u00e9nerg\u00e9tique","og_url":"https:\/\/capner.it\/dev\/product\/dulaan-booster\/","og_site_name":"Capner BE","article_modified_time":"2025-09-10T10:14:07+00:00","og_image":[{"width":1074,"height":1500,"url":"https:\/\/capner.it\/dev\/wp-content\/uploads\/sites\/11\/2025\/05\/CAPNER_Booster_front_trasp.png","type":"image\/png"}],"twitter_card":"summary_large_image","twitter_misc":{"Dur\u00e9e de lecture estim\u00e9e":"2 minutes"},"schema":{"@context":"https:\/\/schema.org","@graph":[{"@type":"WebPage","@id":"https:\/\/capner.it\/dev\/product\/dulaan-booster\/","url":"https:\/\/capner.it\/dev\/product\/dulaan-booster\/","name":"DULAAN BOOSTER - Capner BE","isPartOf":{"@id":"https:\/\/capner.it\/dev\/#website"},"primaryImageOfPage":{"@id":"https:\/\/capner.it\/dev\/product\/dulaan-booster\/#primaryimage"},"image":{"@id":"https:\/\/capner.it\/dev\/product\/dulaan-booster\/#primaryimage"},"thumbnailUrl":"https:\/\/capner.it\/dev\/wp-content\/uploads\/sites\/11\/2025\/05\/CAPNER_Booster_front_trasp.png","datePublished":"2025-05-20T15:30:30+00:00","dateModified":"2025-09-10T10:14:07+00:00","breadcrumb":{"@id":"https:\/\/capner.it\/dev\/product\/dulaan-booster\/#breadcrumb"},"inLanguage":"fr-FR","potentialAction":[{"@type":"ReadAction","target":["https:\/\/capner.it\/dev\/product\/dulaan-booster\/"]}]},{"@type":"ImageObject","inLanguage":"fr-FR","@id":"https:\/\/capner.it\/dev\/product\/dulaan-booster\/#primaryimage","url":"https:\/\/capner.it\/dev\/wp-content\/uploads\/sites\/11\/2025\/05\/CAPNER_Booster_front_trasp.png","contentUrl":"https:\/\/capner.it\/dev\/wp-content\/uploads\/sites\/11\/2025\/05\/CAPNER_Booster_front_trasp.png","width":1074,"height":1500},{"@type":"BreadcrumbList","@id":"https:\/\/capner.it\/dev\/product\/dulaan-booster\/#breadcrumb","itemListElement":[{"@type":"ListItem","position":1,"name":"Home","item":"https:\/\/capner.it\/dev\/"},{"@type":"ListItem","position":2,"name":"DULAAN BOOSTER"}]},{"@type":"WebSite","@id":"https:\/\/capner.it\/dev\/#website","url":"https:\/\/capner.it\/dev\/","name":"Capner BE","description":"A world of possibilities","publisher":{"@id":"https:\/\/capner.it\/dev\/#organization"},"potentialAction":[{"@type":"SearchAction","target":{"@type":"EntryPoint","urlTemplate":"https:\/\/capner.it\/dev\/?s={search_term_string}"},"query-input":{"@type":"PropertyValueSpecification","valueRequired":true,"valueName":"search_term_string"}}],"inLanguage":"fr-FR"},{"@type":"Organization","@id":"https:\/\/capner.it\/dev\/#organization","name":"Capner BE","url":"https:\/\/capner.it\/dev\/","logo":{"@type":"ImageObject","inLanguage":"fr-FR","@id":"https:\/\/capner.it\/dev\/#\/schema\/logo\/image\/","url":"https:\/\/capner.it\/dev\/wp-content\/uploads\/sites\/11\/2025\/02\/capner-logo-svg.svg","contentUrl":"https:\/\/capner.it\/dev\/wp-content\/uploads\/sites\/11\/2025\/02\/capner-logo-svg.svg","caption":"Capner BE"},"image":{"@id":"https:\/\/capner.it\/dev\/#\/schema\/logo\/image\/"}}]}},"acf":{"pdf_brochure":4116,"tipo_prodotto":"","img_prod":2912},"_links":{"self":[{"href":"https:\/\/capner.it\/dev\/wp-json\/wp\/v2\/product\/2011","targetHints":{"allow":["GET"]}}],"collection":[{"href":"https:\/\/capner.it\/dev\/wp-json\/wp\/v2\/product"}],"about":[{"href":"https:\/\/capner.it\/dev\/wp-json\/wp\/v2\/types\/product"}],"wp:featuredmedia":[{"embeddable":true,"href":"https:\/\/capner.it\/dev\/wp-json\/wp\/v2\/media\/2996"}],"wp:attachment":[{"href":"https:\/\/capner.it\/dev\/wp-json\/wp\/v2\/media?parent=2011"}],"wp:term":[{"taxonomy":"tipo-prodotto","embeddable":true,"href":"https:\/\/capner.it\/dev\/wp-json\/wp\/v2\/tipo-prodotto?post=2011"}],"curies":[{"name":"wp","href":"https:\/\/api.w.org\/{rel}","templated":true}]}}